{"id":10532,"date":"2019-11-23T14:57:36","date_gmt":"2019-11-23T14:57:36","guid":{"rendered":"https:\/\/jazbec.si\/cibo\/mangia-per-ordinare\/"},"modified":"2021-11-09T09:03:18","modified_gmt":"2021-11-09T09:03:18","slug":"mangia-per-ordinare","status":"publish","type":"page","link":"https:\/\/jazbec.si\/it\/cibo\/mangia-per-ordinare\/","title":{"rendered":"Ristorante Jazbec"},"content":{"rendered":"<p>[vc_row css_animation=&#8221;fadeIn&#8221;][vc_column][vc_row_inner][vc_column_inner width=&#8221;1\/4&#8243;][vc_raw_html]JTNDZGl2JTIwY2xhc3MlM0QlMjJva29saWNhaHJlZmElMjIlM0UlM0NhJTIwaHJlZiUzRCUyMiUyM2hsYWRuZXByZWRqZWRpJTIyJTNFQW50aXBhc3RpJTIwZnJlZGRpJTBBJTNDJTJGZGl2JTNF[\/vc_raw_html][\/vc_column_inner][vc_column_inner width=&#8221;1\/4&#8243;][vc_raw_html]JTNDZGl2JTIwY2xhc3MlM0QlMjJva29saWNhaHJlZmElMjIlM0UlM0NhJTIwaHJlZiUzRCUyMiUyM2p1aGUlMjIlM0VadXBwZSUwQSUwQSUzQyUyRmRpdiUzRQ==[\/vc_raw_html][\/vc_column_inner][vc_column_inner width=&#8221;1\/4&#8243;][vc_raw_html]JTNDZGl2JTIwY2xhc3MlM0QlMjJva29saWNhaHJlZmElMjIlM0UlM0NhJTIwaHJlZiUzRCUyMiUyM3RvcGxlcHJlZGplZGklMjIlM0VQcmltaSUyMHBpYXR0aSUwQSUwQSUzQyUyRmRpdiUzRQ==[\/vc_raw_html][\/vc_column_inner][vc_column_inner width=&#8221;1\/4&#8243;][vc_raw_html]PGRpdiBjbGFzcz0ib2tvbGljYWhyZWZhIj48YSBocmVmPSIjcmliamVwcmVkamVkaSI+QW50aXBhc3RpIGRpIHBlc2NlDQoNCjwvZGl2Pg==[\/vc_raw_html][\/vc_column_inner][\/vc_row_inner][vc_row_inner][vc_column_inner width=&#8221;1\/4&#8243;][vc_raw_html]PGRpdiBjbGFzcz0ib2tvbGljYWhyZWZhIj48YSBocmVmPSIjcmliamVqZWRpIj5QaWF0dGkgZGkgcGVzY2UNCg0KPC9kaXY+[\/vc_raw_html][\/vc_column_inner][vc_column_inner width=&#8221;1\/4&#8243;][vc_raw_html]JTNDZGl2JTIwY2xhc3MlM0QlMjJva29saWNhaHJlZmElMjIlM0UlM0NhJTIwaHJlZiUzRCUyMiUyM21lc25lamVkaSUyMiUzRVBpYXR0aSUyMGRpJTIwY2FybmUlMEElMEElM0MlMkZkaXYlM0U=[\/vc_raw_html][\/vc_column_inner][vc_column_inner width=&#8221;1\/4&#8243;][vc_raw_html]JTNDZGl2JTIwY2xhc3MlM0QlMjJva29saWNhaHJlZmElMjIlM0UlM0NhJTIwaHJlZiUzRCUyMiUyM3NvbGF0ZSUyMiUzRUluc2FsYXRlJTBBJTNDJTJGZGl2JTNF[\/vc_raw_html][\/vc_column_inner][vc_column_inner width=&#8221;1\/4&#8243;][vc_raw_html]JTNDZGl2JTIwY2xhc3MlM0QlMjJva29saWNhaHJlZmElMjIlM0UlM0NhJTIwaHJlZiUzRCUyMiUyM2JyZXptZXNuZS1qZWRpJTIyJTNFUGlhdHRpJTIwdmVnZXRhcmlhbmklMEElMEElM0MlMkZkaXYlM0U=[\/vc_raw_html][\/vc_column_inner][\/vc_row_inner][vc_row_inner][vc_column_inner width=&#8221;1\/3&#8243;][\/vc_column_inner][vc_column_inner width=&#8221;1\/3&#8243;][vc_raw_html]PGRpdiBjbGFzcz0ib2tvbGljYWhyZWZhIj48YSBocmVmPSIjc2xhZGljZSI+RG9sY2k8L2E+DQo8L2Rpdj4=[\/vc_raw_html][\/vc_column_inner][vc_column_inner width=&#8221;1\/3&#8243;][\/vc_column_inner][\/vc_row_inner][\/vc_column][\/vc_row][vc_row css=&#8221;.vc_custom_1563981057569{padding-top: 30px !important;}&#8221;][vc_column css_animation=&#8221;fadeIn&#8221; width=&#8221;1\/2&#8243; el_id=&#8221;hladnepredjedi&#8221;][vc_column_text]<\/p>\n<h1>Antipasti freddi<\/h1>\n<p>[\/vc_column_text][vc_zigzag align=&#8221;left&#8221; el_width=&#8221;60&#8243; el_border_width=&#8221;8&#8243;]<ul class='dt-sc-fancy-list   arrow'>\n<li>PROSCIUTTO CRUDO di CARSO con olive<\/li>\n<li>SALAMA di Tolmino<\/li>\n<li>AFFETATTO MISTO:prosciutto crudo,salama di tolmino,formaggio<\/li>\n<li>PIATTO di FORMAGGI TOLMINC, BRINCL e di pecora<\/li>\n<\/ul>[\/vc_column][vc_column css_animation=&#8221;fadeIn&#8221; width=&#8221;1\/2&#8243; el_id=&#8221;juhe&#8221;][vc_column_text]<\/p>\n<h1>Zuppe<\/h1>\n<p>[\/vc_column_text][vc_zigzag align=&#8221;left&#8221; el_width=&#8221;60&#8243; el_border_width=&#8221;8&#8243;]<ul class='dt-sc-fancy-list   arrow'>\n<li>BRODO di MANZO con pastina<\/li>\n<li>Zuppa di funghi misti<\/li>\n<li>Jota &#8211; &#8211; Minestra con crauti, patate, fagioli, prosciutto<\/li>\n<li>Jota &#8211; con Salsiccia ai ferri<\/li>\n<\/ul>[\/vc_column][\/vc_row][vc_row css=&#8221;.vc_custom_1563895069400{padding-top: 50px !important;}&#8221;][vc_column css_animation=&#8221;fadeIn&#8221; width=&#8221;1\/2&#8243; el_id=&#8221;mesnejedi&#8221;][vc_column_text]<\/p>\n<h1>Piatti di carne<\/h1>\n<p>[\/vc_column_text][vc_zigzag align=&#8221;left&#8221; el_width=&#8221;60&#8243; el_border_width=&#8221;8&#8243;]<ul class='dt-sc-fancy-list   arrow'>\n<li>TAGLIATTA DI MANZO alla griglia con patate<\/li>\n<li>FILETTO DI MANZO con FUNGHI PORCINI e contorno<\/li>\n<li>FILETTO DI MANZO con prosciutto crudo in salsa di vino Teran, contorno<\/li>\n<li>SCALOPPINA DI TACCHINO ai ferri con FUNGHI PORCINI e contorno<\/li>\n<li>\u010cEVAP\u010cI\u010cI e insalata DI TACCHINO affettato, patate<\/li>\n<li>MISTO DI CARNE ALLA GRIGLIA con patate<\/li>\n<li>\u010cEVAP\u010cI\u010cI alla griglia con patate<\/li>\n<li>BISTECCA MILANESE con patate<\/li>\n<li>BISTECCA ALLA LUBIANA (ripieno con formaggio e prosciutto), patate<\/li>\n<\/ul>[\/vc_column][vc_column css_animation=&#8221;fadeIn&#8221; width=&#8221;1\/2&#8243; el_id=&#8221;ribjejedi&#8221;][vc_column_text]<\/p>\n<h1>Piatti di pesce<\/h1>\n<p>[\/vc_column_text][vc_zigzag align=&#8221;left&#8221; el_width=&#8221;60&#8243; el_border_width=&#8221;8&#8243;]<ul class='dt-sc-fancy-list   arrow'>\n<li>TROTA alla griglia con contorno<\/li>\n<li>BRANZINO alla griglia con contorno<\/li>\n<li>ORATA alla griglia con contorno<\/li>\n<li>PIATTO DI PESCE alla griglia: FILETTO DI TROTA, gamberetti e Scampi con contorno<\/li>\n<li>PIATTO ALPE-ADRIA: FILETTO DI TROTA con risotto ai frutti di mare<\/li>\n<li>CALAMARI fritti con patate<\/li>\n<li>CALAMARI alla griglia con contorno<\/li>\n<li>Risotto ai frutti di mare<\/li>\n<li>POLPETTE DI TROTA ( 3 pezzi ) con contorno<\/li>\n<\/ul>[\/vc_column][\/vc_row][vc_row css=&#8221;.vc_custom_1563895069400{padding-top: 50px !important;}&#8221;][vc_column css_animation=&#8221;fadeIn&#8221; width=&#8221;1\/2&#8243; el_id=&#8221;brezmesne-jedi&#8221;][vc_column_text]<\/p>\n<h1>Piatti vegetariani<\/h1>\n<p>[\/vc_column_text][vc_zigzag align=&#8221;left&#8221; el_width=&#8221;60&#8243; el_border_width=&#8221;8&#8243;]<ul class='dt-sc-fancy-list   arrow'>\n<li>POLENTA alla griglia con formaggio Tolminc e zucchine a salsa<\/li>\n<li>POLENTA alla griglia con formaggio Tolminc e funghi porcini<\/li>\n<li>Risotto con funghi porcini<\/li>\n<li>FORMAGGIO FRITTO con patate<\/li>\n<li>PIATTO ( VEGETARIANO ) DI VERDURE ASSORTITE<\/li>\n<li>PIATTO VEGANO<\/li>\n<\/ul>[\/vc_column][vc_column css_animation=&#8221;fadeIn&#8221; width=&#8221;1\/2&#8243; el_id=&#8221;solate&#8221;][vc_column_text]<\/p>\n<h1>Insalate<\/h1>\n<p>[\/vc_column_text][vc_zigzag align=&#8221;left&#8221; el_width=&#8221;60&#8243; el_border_width=&#8221;8&#8243;]<ul class='dt-sc-fancy-list   arrow'>\n<li>INSALATA ( verde, pomodoro, crauti, faggioli,&#8230;)<\/li>\n<li>GRANDE INSALATA MISTA CON TONNO<\/li>\n<li>GRANDE INSALATA MISTA CON OLIVE<\/li>\n<li>GRANDE INSALATA ESTIVA ( insalata mista, peperoni, cipolla)<\/li>\n<li>GRANDE INSALATA MISTA CON TACCHINO<\/li>\n<\/ul>[\/vc_column][\/vc_row][vc_row css=&#8221;.vc_custom_1563895069400{padding-top: 50px !important;}&#8221;][vc_column css_animation=&#8221;fadeIn&#8221; width=&#8221;1\/2&#8243; el_id=&#8221;sladice&#8221;][vc_column_text]<\/p>\n<h1>Dolci<\/h1>\n<p>[\/vc_column_text][vc_zigzag align=&#8221;left&#8221; el_width=&#8221;60&#8243; el_border_width=&#8221;8&#8243;]<ul class='dt-sc-fancy-list   arrow'>\n<li>STRUCOLLO DI CAPORETTO<\/li>\n<li>TIRAMISU fatto in casa<\/li>\n<li>MIRTILLI CALDI CON GELATO di vaniglia<\/li>\n<li>CRESPELLE con marmellata<\/li>\n<li>CRESPELLE con cioccolata<\/li>\n<li>CRESPELLE con noci<\/li>\n<li>CRESPELLE ripiena con gelato di crema e mirtilli caldi<\/li>\n<li>CRESPELLE ripiena con gelato e condita con cioccolata<\/li>\n<\/ul>[\/vc_column][vc_column width=&#8221;1\/2&#8243;][\/vc_column][\/vc_row]<\/p>\n","protected":false},"excerpt":{"rendered":"<p>[vc_row css_animation=&#8221;fadeIn&#8221;][vc_column][vc_row_inner][vc_column_inner width=&#8221;1\/4&#8243;][vc_raw_html]JTNDZGl2JTIwY2xhc3MlM0QlMjJva29saWNhaHJlZmElMjIlM0UlM0NhJTIwaHJlZiUzRCUyMiUyM2hsYWRuZXByZWRqZWRpJTIyJTNFQW50aXBhc3RpJTIwZnJlZGRpJTBBJTNDJTJGZGl2JTNF[\/vc_raw_html][\/vc_column_inner][vc_column_inner width=&#8221;1\/4&#8243;][vc_raw_html]JTNDZGl2JTIwY2xhc3MlM0QlMjJva29saWNhaHJlZmElMjIlM0UlM0NhJTIwaHJlZiUzRCUyMiUyM2p1aGUlMjIlM0VadXBwZSUwQSUwQSUzQyUyRmRpdiUzRQ==[\/vc_raw_html][\/vc_column_inner][vc_column_inner width=&#8221;1\/4&#8243;][vc_raw_html]JTNDZGl2JTIwY2xhc3MlM0QlMjJva29saWNhaHJlZmElMjIlM0UlM0NhJTIwaHJlZiUzRCUyMiUyM3RvcGxlcHJlZGplZGklMjIlM0VQcmltaSUyMHBpYXR0aSUwQSUwQSUzQyUyRmRpdiUzRQ==[\/vc_raw_html][\/vc_column_inner][vc_column_inner width=&#8221;1\/4&#8243;][vc_raw_html]PGRpdiBjbGFzcz0ib2tvbGljYWhyZWZhIj48YSBocmVmPSIjcmliamVwcmVkamVkaSI+QW50aXBhc3RpIGRpIHBlc2NlDQoNCjwvZGl2Pg==[\/vc_raw_html][\/vc_column_inner][\/vc_row_inner][vc_row_inner][vc_column_inner width=&#8221;1\/4&#8243;][vc_raw_html]PGRpdiBjbGFzcz0ib2tvbGljYWhyZWZhIj48YSBocmVmPSIjcmliamVqZWRpIj5QaWF0dGkgZGkgcGVzY2UNCg0KPC9kaXY+[\/vc_raw_html][\/vc_column_inner][vc_column_inner width=&#8221;1\/4&#8243;][vc_raw_html]JTNDZGl2JTIwY2xhc3MlM0QlMjJva29saWNhaHJlZmElMjIlM0UlM0NhJTIwaHJlZiUzRCUyMiUyM21lc25lamVkaSUyMiUzRVBpYXR0aSUyMGRpJTIwY2FybmUlMEElMEElM0MlMkZkaXYlM0U=[\/vc_raw_html][\/vc_column_inner][vc_column_inner width=&#8221;1\/4&#8243;][vc_raw_html]JTNDZGl2JTIwY2xhc3MlM0QlMjJva29saWNhaHJlZmElMjIlM0UlM0NhJTIwaHJlZiUzRCUyMiUyM3NvbGF0ZSUyMiUzRUluc2FsYXRlJTBBJTNDJTJGZGl2JTNF[\/vc_raw_html][\/vc_column_inner][vc_column_inner width=&#8221;1\/4&#8243;][vc_raw_html]JTNDZGl2JTIwY2xhc3MlM0QlMjJva29saWNhaHJlZmElMjIlM0UlM0NhJTIwaHJlZiUzRCUyMiUyM2JyZXptZXNuZS1qZWRpJTIyJTNFUGlhdHRpJTIwdmVnZXRhcmlhbmklMEElMEElM0MlMkZkaXYlM0U=[\/vc_raw_html][\/vc_column_inner][\/vc_row_inner][vc_row_inner][vc_column_inner width=&#8221;1\/3&#8243;][\/vc_column_inner][vc_column_inner width=&#8221;1\/3&#8243;][vc_raw_html]PGRpdiBjbGFzcz0ib2tvbGljYWhyZWZhIj48YSBocmVmPSIjc2xhZGljZSI+RG9sY2k8L2E+DQo8L2Rpdj4=[\/vc_raw_html][\/vc_column_inner][vc_column_inner width=&#8221;1\/3&#8243;][\/vc_column_inner][\/vc_row_inner][\/vc_column][\/vc_row][vc_row css=&#8221;.vc_custom_1563981057569{padding-top: 30px !important;}&#8221;][vc_column css_animation=&#8221;fadeIn&#8221; width=&#8221;1\/2&#8243; el_id=&#8221;hladnepredjedi&#8221;][vc_column_text] Antipasti freddi [\/vc_column_text][vc_zigzag align=&#8221;left&#8221; el_width=&#8221;60&#8243; el_border_width=&#8221;8&#8243;][\/vc_column][vc_column css_animation=&#8221;fadeIn&#8221; width=&#8221;1\/2&#8243; el_id=&#8221;juhe&#8221;][vc_column_text] Zuppe [\/vc_column_text][vc_zigzag align=&#8221;left&#8221; el_width=&#8221;60&#8243; el_border_width=&#8221;8&#8243;][\/vc_column][\/vc_row][vc_row css=&#8221;.vc_custom_1563895069400{padding-top: 50px !important;}&#8221;][vc_column css_animation=&#8221;fadeIn&#8221; width=&#8221;1\/2&#8243; el_id=&#8221;mesnejedi&#8221;][vc_column_text] Piatti di carne [\/vc_column_text][vc_zigzag align=&#8221;left&#8221; el_width=&#8221;60&#8243; el_border_width=&#8221;8&#8243;][\/vc_column][vc_column css_animation=&#8221;fadeIn&#8221; width=&#8221;1\/2&#8243; el_id=&#8221;ribjejedi&#8221;][vc_column_text] Piatti di pesce [\/vc_column_text][vc_zigzag align=&#8221;left&#8221; el_width=&#8221;60&#8243; [&hellip;]<\/p>\n","protected":false},"author":1,"featured_media":0,"parent":10513,"menu_order":0,"comment_status":"closed","ping_status":"closed","template":"","meta":[],"yoast_head":"<!-- This site is optimized with the Yoast SEO plugin v17.2 - https:\/\/yoast.com\/wordpress\/plugins\/seo\/ -->\n<title>Ristorante Jazbec - Gosti\u0161\u010de s preno\u010di\u0161\u010di<\/title>\n<meta name=\"robots\" content=\"index, follow, max-snippet:-1, max-image-preview:large, max-video-preview:-1\" \/>\n<link rel=\"canonical\" href=\"https:\/\/jazbec.si\/it\/cibo\/mangia-per-ordinare\/\" \/>\n<meta property=\"og:locale\" content=\"it_IT\" \/>\n<meta property=\"og:type\" content=\"article\" \/>\n<meta property=\"og:title\" content=\"Ristorante Jazbec - Gosti\u0161\u010de s preno\u010di\u0161\u010di\" \/>\n<meta property=\"og:description\" content=\"[vc_row css_animation=&#8221;fadeIn&#8221;][vc_column][vc_row_inner][vc_column_inner width=&#8221;1\/4&#8243;][vc_raw_html]JTNDZGl2JTIwY2xhc3MlM0QlMjJva29saWNhaHJlZmElMjIlM0UlM0NhJTIwaHJlZiUzRCUyMiUyM2hsYWRuZXByZWRqZWRpJTIyJTNFQW50aXBhc3RpJTIwZnJlZGRpJTBBJTNDJTJGZGl2JTNF[\/vc_raw_html][\/vc_column_inner][vc_column_inner width=&#8221;1\/4&#8243;][vc_raw_html]JTNDZGl2JTIwY2xhc3MlM0QlMjJva29saWNhaHJlZmElMjIlM0UlM0NhJTIwaHJlZiUzRCUyMiUyM2p1aGUlMjIlM0VadXBwZSUwQSUwQSUzQyUyRmRpdiUzRQ==[\/vc_raw_html][\/vc_column_inner][vc_column_inner width=&#8221;1\/4&#8243;][vc_raw_html]JTNDZGl2JTIwY2xhc3MlM0QlMjJva29saWNhaHJlZmElMjIlM0UlM0NhJTIwaHJlZiUzRCUyMiUyM3RvcGxlcHJlZGplZGklMjIlM0VQcmltaSUyMHBpYXR0aSUwQSUwQSUzQyUyRmRpdiUzRQ==[\/vc_raw_html][\/vc_column_inner][vc_column_inner width=&#8221;1\/4&#8243;][vc_raw_html]PGRpdiBjbGFzcz0ib2tvbGljYWhyZWZhIj48YSBocmVmPSIjcmliamVwcmVkamVkaSI+QW50aXBhc3RpIGRpIHBlc2NlDQoNCjwvZGl2Pg==[\/vc_raw_html][\/vc_column_inner][\/vc_row_inner][vc_row_inner][vc_column_inner width=&#8221;1\/4&#8243;][vc_raw_html]PGRpdiBjbGFzcz0ib2tvbGljYWhyZWZhIj48YSBocmVmPSIjcmliamVqZWRpIj5QaWF0dGkgZGkgcGVzY2UNCg0KPC9kaXY+[\/vc_raw_html][\/vc_column_inner][vc_column_inner width=&#8221;1\/4&#8243;][vc_raw_html]JTNDZGl2JTIwY2xhc3MlM0QlMjJva29saWNhaHJlZmElMjIlM0UlM0NhJTIwaHJlZiUzRCUyMiUyM21lc25lamVkaSUyMiUzRVBpYXR0aSUyMGRpJTIwY2FybmUlMEElMEElM0MlMkZkaXYlM0U=[\/vc_raw_html][\/vc_column_inner][vc_column_inner width=&#8221;1\/4&#8243;][vc_raw_html]JTNDZGl2JTIwY2xhc3MlM0QlMjJva29saWNhaHJlZmElMjIlM0UlM0NhJTIwaHJlZiUzRCUyMiUyM3NvbGF0ZSUyMiUzRUluc2FsYXRlJTBBJTNDJTJGZGl2JTNF[\/vc_raw_html][\/vc_column_inner][vc_column_inner width=&#8221;1\/4&#8243;][vc_raw_html]JTNDZGl2JTIwY2xhc3MlM0QlMjJva29saWNhaHJlZmElMjIlM0UlM0NhJTIwaHJlZiUzRCUyMiUyM2JyZXptZXNuZS1qZWRpJTIyJTNFUGlhdHRpJTIwdmVnZXRhcmlhbmklMEElMEElM0MlMkZkaXYlM0U=[\/vc_raw_html][\/vc_column_inner][\/vc_row_inner][vc_row_inner][vc_column_inner width=&#8221;1\/3&#8243;][\/vc_column_inner][vc_column_inner width=&#8221;1\/3&#8243;][vc_raw_html]PGRpdiBjbGFzcz0ib2tvbGljYWhyZWZhIj48YSBocmVmPSIjc2xhZGljZSI+RG9sY2k8L2E+DQo8L2Rpdj4=[\/vc_raw_html][\/vc_column_inner][vc_column_inner width=&#8221;1\/3&#8243;][\/vc_column_inner][\/vc_row_inner][\/vc_column][\/vc_row][vc_row css=&#8221;.vc_custom_1563981057569{padding-top: 30px !important;}&#8221;][vc_column css_animation=&#8221;fadeIn&#8221; width=&#8221;1\/2&#8243; el_id=&#8221;hladnepredjedi&#8221;][vc_column_text] Antipasti freddi [\/vc_column_text][vc_zigzag align=&#8221;left&#8221; el_width=&#8221;60&#8243; el_border_width=&#8221;8&#8243;][\/vc_column][vc_column css_animation=&#8221;fadeIn&#8221; width=&#8221;1\/2&#8243; el_id=&#8221;juhe&#8221;][vc_column_text] Zuppe [\/vc_column_text][vc_zigzag align=&#8221;left&#8221; el_width=&#8221;60&#8243; el_border_width=&#8221;8&#8243;][\/vc_column][\/vc_row][vc_row css=&#8221;.vc_custom_1563895069400{padding-top: 50px !important;}&#8221;][vc_column css_animation=&#8221;fadeIn&#8221; width=&#8221;1\/2&#8243; el_id=&#8221;mesnejedi&#8221;][vc_column_text] Piatti di carne [\/vc_column_text][vc_zigzag align=&#8221;left&#8221; el_width=&#8221;60&#8243; el_border_width=&#8221;8&#8243;][\/vc_column][vc_column css_animation=&#8221;fadeIn&#8221; width=&#8221;1\/2&#8243; el_id=&#8221;ribjejedi&#8221;][vc_column_text] Piatti di pesce [\/vc_column_text][vc_zigzag align=&#8221;left&#8221; el_width=&#8221;60&#8243; [&hellip;]\" \/>\n<meta property=\"og:url\" content=\"https:\/\/jazbec.si\/it\/cibo\/mangia-per-ordinare\/\" \/>\n<meta property=\"og:site_name\" content=\"Gosti\u0161\u010de s preno\u010di\u0161\u010di\" \/>\n<meta property=\"article:modified_time\" content=\"2021-11-09T09:03:18+00:00\" \/>\n<meta name=\"twitter:card\" content=\"summary_large_image\" \/>\n<meta name=\"twitter:label1\" content=\"Tempo di lettura stimato\" \/>\n\t<meta name=\"twitter:data1\" content=\"2 minuti\" \/>\n<script type=\"application\/ld+json\" class=\"yoast-schema-graph\">{\"@context\":\"https:\/\/schema.org\",\"@graph\":[{\"@type\":\"WebSite\",\"@id\":\"https:\/\/jazbec.si\/it\/#website\",\"url\":\"https:\/\/jazbec.si\/it\/\",\"name\":\"Gosti\\u0161\\u010de s preno\\u010di\\u0161\\u010di\",\"description\":\"\",\"potentialAction\":[{\"@type\":\"SearchAction\",\"target\":{\"@type\":\"EntryPoint\",\"urlTemplate\":\"https:\/\/jazbec.si\/it\/?s={search_term_string}\"},\"query-input\":\"required name=search_term_string\"}],\"inLanguage\":\"it-IT\"},{\"@type\":\"WebPage\",\"@id\":\"https:\/\/jazbec.si\/it\/cibo\/mangia-per-ordinare\/#webpage\",\"url\":\"https:\/\/jazbec.si\/it\/cibo\/mangia-per-ordinare\/\",\"name\":\"Ristorante Jazbec - Gosti\\u0161\\u010de s preno\\u010di\\u0161\\u010di\",\"isPartOf\":{\"@id\":\"https:\/\/jazbec.si\/it\/#website\"},\"datePublished\":\"2019-11-23T14:57:36+00:00\",\"dateModified\":\"2021-11-09T09:03:18+00:00\",\"breadcrumb\":{\"@id\":\"https:\/\/jazbec.si\/it\/cibo\/mangia-per-ordinare\/#breadcrumb\"},\"inLanguage\":\"it-IT\",\"potentialAction\":[{\"@type\":\"ReadAction\",\"target\":[\"https:\/\/jazbec.si\/it\/cibo\/mangia-per-ordinare\/\"]}]},{\"@type\":\"BreadcrumbList\",\"@id\":\"https:\/\/jazbec.si\/it\/cibo\/mangia-per-ordinare\/#breadcrumb\",\"itemListElement\":[{\"@type\":\"ListItem\",\"position\":1,\"name\":\"Home\",\"item\":\"https:\/\/jazbec.si\/it\/\"},{\"@type\":\"ListItem\",\"position\":2,\"name\":\"Cibo\",\"item\":\"https:\/\/jazbec.si\/it\/cibo\/\"},{\"@type\":\"ListItem\",\"position\":3,\"name\":\"Ristorante Jazbec\"}]}]}<\/script>\n<!-- \/ Yoast SEO plugin. -->","yoast_head_json":{"title":"Ristorante Jazbec - Gosti\u0161\u010de s preno\u010di\u0161\u010di","robots":{"index":"index","follow":"follow","max-snippet":"max-snippet:-1","max-image-preview":"max-image-preview:large","max-video-preview":"max-video-preview:-1"},"canonical":"https:\/\/jazbec.si\/it\/cibo\/mangia-per-ordinare\/","og_locale":"it_IT","og_type":"article","og_title":"Ristorante Jazbec - Gosti\u0161\u010de s preno\u010di\u0161\u010di","og_description":"[vc_row css_animation=&#8221;fadeIn&#8221;][vc_column][vc_row_inner][vc_column_inner width=&#8221;1\/4&#8243;][vc_raw_html]JTNDZGl2JTIwY2xhc3MlM0QlMjJva29saWNhaHJlZmElMjIlM0UlM0NhJTIwaHJlZiUzRCUyMiUyM2hsYWRuZXByZWRqZWRpJTIyJTNFQW50aXBhc3RpJTIwZnJlZGRpJTBBJTNDJTJGZGl2JTNF[\/vc_raw_html][\/vc_column_inner][vc_column_inner width=&#8221;1\/4&#8243;][vc_raw_html]JTNDZGl2JTIwY2xhc3MlM0QlMjJva29saWNhaHJlZmElMjIlM0UlM0NhJTIwaHJlZiUzRCUyMiUyM2p1aGUlMjIlM0VadXBwZSUwQSUwQSUzQyUyRmRpdiUzRQ==[\/vc_raw_html][\/vc_column_inner][vc_column_inner width=&#8221;1\/4&#8243;][vc_raw_html]JTNDZGl2JTIwY2xhc3MlM0QlMjJva29saWNhaHJlZmElMjIlM0UlM0NhJTIwaHJlZiUzRCUyMiUyM3RvcGxlcHJlZGplZGklMjIlM0VQcmltaSUyMHBpYXR0aSUwQSUwQSUzQyUyRmRpdiUzRQ==[\/vc_raw_html][\/vc_column_inner][vc_column_inner width=&#8221;1\/4&#8243;][vc_raw_html]PGRpdiBjbGFzcz0ib2tvbGljYWhyZWZhIj48YSBocmVmPSIjcmliamVwcmVkamVkaSI+QW50aXBhc3RpIGRpIHBlc2NlDQoNCjwvZGl2Pg==[\/vc_raw_html][\/vc_column_inner][\/vc_row_inner][vc_row_inner][vc_column_inner width=&#8221;1\/4&#8243;][vc_raw_html]PGRpdiBjbGFzcz0ib2tvbGljYWhyZWZhIj48YSBocmVmPSIjcmliamVqZWRpIj5QaWF0dGkgZGkgcGVzY2UNCg0KPC9kaXY+[\/vc_raw_html][\/vc_column_inner][vc_column_inner width=&#8221;1\/4&#8243;][vc_raw_html]JTNDZGl2JTIwY2xhc3MlM0QlMjJva29saWNhaHJlZmElMjIlM0UlM0NhJTIwaHJlZiUzRCUyMiUyM21lc25lamVkaSUyMiUzRVBpYXR0aSUyMGRpJTIwY2FybmUlMEElMEElM0MlMkZkaXYlM0U=[\/vc_raw_html][\/vc_column_inner][vc_column_inner width=&#8221;1\/4&#8243;][vc_raw_html]JTNDZGl2JTIwY2xhc3MlM0QlMjJva29saWNhaHJlZmElMjIlM0UlM0NhJTIwaHJlZiUzRCUyMiUyM3NvbGF0ZSUyMiUzRUluc2FsYXRlJTBBJTNDJTJGZGl2JTNF[\/vc_raw_html][\/vc_column_inner][vc_column_inner width=&#8221;1\/4&#8243;][vc_raw_html]JTNDZGl2JTIwY2xhc3MlM0QlMjJva29saWNhaHJlZmElMjIlM0UlM0NhJTIwaHJlZiUzRCUyMiUyM2JyZXptZXNuZS1qZWRpJTIyJTNFUGlhdHRpJTIwdmVnZXRhcmlhbmklMEElMEElM0MlMkZkaXYlM0U=[\/vc_raw_html][\/vc_column_inner][\/vc_row_inner][vc_row_inner][vc_column_inner width=&#8221;1\/3&#8243;][\/vc_column_inner][vc_column_inner width=&#8221;1\/3&#8243;][vc_raw_html]PGRpdiBjbGFzcz0ib2tvbGljYWhyZWZhIj48YSBocmVmPSIjc2xhZGljZSI+RG9sY2k8L2E+DQo8L2Rpdj4=[\/vc_raw_html][\/vc_column_inner][vc_column_inner width=&#8221;1\/3&#8243;][\/vc_column_inner][\/vc_row_inner][\/vc_column][\/vc_row][vc_row css=&#8221;.vc_custom_1563981057569{padding-top: 30px !important;}&#8221;][vc_column css_animation=&#8221;fadeIn&#8221; width=&#8221;1\/2&#8243; el_id=&#8221;hladnepredjedi&#8221;][vc_column_text] Antipasti freddi [\/vc_column_text][vc_zigzag align=&#8221;left&#8221; el_width=&#8221;60&#8243; el_border_width=&#8221;8&#8243;][\/vc_column][vc_column css_animation=&#8221;fadeIn&#8221; width=&#8221;1\/2&#8243; el_id=&#8221;juhe&#8221;][vc_column_text] Zuppe [\/vc_column_text][vc_zigzag align=&#8221;left&#8221; el_width=&#8221;60&#8243; el_border_width=&#8221;8&#8243;][\/vc_column][\/vc_row][vc_row css=&#8221;.vc_custom_1563895069400{padding-top: 50px !important;}&#8221;][vc_column css_animation=&#8221;fadeIn&#8221; width=&#8221;1\/2&#8243; el_id=&#8221;mesnejedi&#8221;][vc_column_text] Piatti di carne [\/vc_column_text][vc_zigzag align=&#8221;left&#8221; el_width=&#8221;60&#8243; el_border_width=&#8221;8&#8243;][\/vc_column][vc_column css_animation=&#8221;fadeIn&#8221; width=&#8221;1\/2&#8243; el_id=&#8221;ribjejedi&#8221;][vc_column_text] Piatti di pesce [\/vc_column_text][vc_zigzag align=&#8221;left&#8221; el_width=&#8221;60&#8243; [&hellip;]","og_url":"https:\/\/jazbec.si\/it\/cibo\/mangia-per-ordinare\/","og_site_name":"Gosti\u0161\u010de s preno\u010di\u0161\u010di","article_modified_time":"2021-11-09T09:03:18+00:00","twitter_card":"summary_large_image","twitter_misc":{"Tempo di lettura stimato":"2 minuti"},"schema":{"@context":"https:\/\/schema.org","@graph":[{"@type":"WebSite","@id":"https:\/\/jazbec.si\/it\/#website","url":"https:\/\/jazbec.si\/it\/","name":"Gosti\u0161\u010de s preno\u010di\u0161\u010di","description":"","potentialAction":[{"@type":"SearchAction","target":{"@type":"EntryPoint","urlTemplate":"https:\/\/jazbec.si\/it\/?s={search_term_string}"},"query-input":"required name=search_term_string"}],"inLanguage":"it-IT"},{"@type":"WebPage","@id":"https:\/\/jazbec.si\/it\/cibo\/mangia-per-ordinare\/#webpage","url":"https:\/\/jazbec.si\/it\/cibo\/mangia-per-ordinare\/","name":"Ristorante Jazbec - Gosti\u0161\u010de s preno\u010di\u0161\u010di","isPartOf":{"@id":"https:\/\/jazbec.si\/it\/#website"},"datePublished":"2019-11-23T14:57:36+00:00","dateModified":"2021-11-09T09:03:18+00:00","breadcrumb":{"@id":"https:\/\/jazbec.si\/it\/cibo\/mangia-per-ordinare\/#breadcrumb"},"inLanguage":"it-IT","potentialAction":[{"@type":"ReadAction","target":["https:\/\/jazbec.si\/it\/cibo\/mangia-per-ordinare\/"]}]},{"@type":"BreadcrumbList","@id":"https:\/\/jazbec.si\/it\/cibo\/mangia-per-ordinare\/#breadcrumb","itemListElement":[{"@type":"ListItem","position":1,"name":"Home","item":"https:\/\/jazbec.si\/it\/"},{"@type":"ListItem","position":2,"name":"Cibo","item":"https:\/\/jazbec.si\/it\/cibo\/"},{"@type":"ListItem","position":3,"name":"Ristorante Jazbec"}]}]}},"_links":{"self":[{"href":"https:\/\/jazbec.si\/it\/wp-json\/wp\/v2\/pages\/10532"}],"collection":[{"href":"https:\/\/jazbec.si\/it\/wp-json\/wp\/v2\/pages"}],"about":[{"href":"https:\/\/jazbec.si\/it\/wp-json\/wp\/v2\/types\/page"}],"author":[{"embeddable":true,"href":"https:\/\/jazbec.si\/it\/wp-json\/wp\/v2\/users\/1"}],"replies":[{"embeddable":true,"href":"https:\/\/jazbec.si\/it\/wp-json\/wp\/v2\/comments?post=10532"}],"version-history":[{"count":5,"href":"https:\/\/jazbec.si\/it\/wp-json\/wp\/v2\/pages\/10532\/revisions"}],"predecessor-version":[{"id":12679,"href":"https:\/\/jazbec.si\/it\/wp-json\/wp\/v2\/pages\/10532\/revisions\/12679"}],"up":[{"embeddable":true,"href":"https:\/\/jazbec.si\/it\/wp-json\/wp\/v2\/pages\/10513"}],"wp:attachment":[{"href":"https:\/\/jazbec.si\/it\/wp-json\/wp\/v2\/media?parent=10532"}],"curies":[{"name":"wp","href":"https:\/\/api.w.org\/{rel}","templated":true}]}}