{"id":10502,"date":"2019-11-23T14:29:27","date_gmt":"2019-11-23T14:29:27","guid":{"rendered":"https:\/\/jazbec.si\/prenotazione\/"},"modified":"2025-05-10T20:54:43","modified_gmt":"2025-05-10T20:54:43","slug":"prenotazione","status":"publish","type":"page","link":"https:\/\/jazbec.si\/it\/prenotazione\/","title":{"rendered":"Prenotazione"},"content":{"rendered":"<p>[vc_row][vc_column][vc_column_text]<\/p>\n<h1>Prenotazione online<\/h1>\n<p>Prenotazioni via mail: bostjan.jazbec@siol.net[\/vc_column_text][\/vc_column][\/vc_row]<\/p>\n","protected":false},"excerpt":{"rendered":"<p>[vc_row][vc_column][vc_column_text] Prenotazione online Prenotazioni via mail: bostjan.jazbec@siol.net[\/vc_column_text][\/vc_column][\/vc_row]<\/p>\n","protected":false},"author":1,"featured_media":0,"parent":0,"menu_order":0,"comment_status":"closed","ping_status":"closed","template":"","meta":[],"yoast_head":"<!-- This site is optimized with the Yoast SEO plugin v17.2 - https:\/\/yoast.com\/wordpress\/plugins\/seo\/ -->\n<title>Prenotazione - Gosti\u0161\u010de s preno\u010di\u0161\u010di<\/title>\n<meta name=\"robots\" content=\"index, follow, max-snippet:-1, max-image-preview:large, max-video-preview:-1\" \/>\n<link rel=\"canonical\" href=\"https:\/\/jazbec.si\/it\/prenotazione\/\" \/>\n<meta property=\"og:locale\" content=\"it_IT\" \/>\n<meta property=\"og:type\" content=\"article\" \/>\n<meta property=\"og:title\" content=\"Prenotazione - Gosti\u0161\u010de s preno\u010di\u0161\u010di\" \/>\n<meta property=\"og:description\" content=\"[vc_row][vc_column][vc_column_text] Prenotazione online Prenotazioni via mail: bostjan.jazbec@siol.net[\/vc_column_text][\/vc_column][\/vc_row]\" \/>\n<meta property=\"og:url\" content=\"https:\/\/jazbec.si\/it\/prenotazione\/\" \/>\n<meta property=\"og:site_name\" content=\"Gosti\u0161\u010de s preno\u010di\u0161\u010di\" \/>\n<meta property=\"article:modified_time\" content=\"2025-05-10T20:54:43+00:00\" \/>\n<meta name=\"twitter:card\" content=\"summary_large_image\" \/>\n<meta name=\"twitter:label1\" content=\"Tempo di lettura stimato\" \/>\n\t<meta name=\"twitter:data1\" content=\"1 minuto\" \/>\n<script type=\"application\/ld+json\" class=\"yoast-schema-graph\">{\"@context\":\"https:\/\/schema.org\",\"@graph\":[{\"@type\":\"WebSite\",\"@id\":\"https:\/\/jazbec.si\/it\/#website\",\"url\":\"https:\/\/jazbec.si\/it\/\",\"name\":\"Gosti\\u0161\\u010de s preno\\u010di\\u0161\\u010di\",\"description\":\"\",\"potentialAction\":[{\"@type\":\"SearchAction\",\"target\":{\"@type\":\"EntryPoint\",\"urlTemplate\":\"https:\/\/jazbec.si\/it\/?s={search_term_string}\"},\"query-input\":\"required name=search_term_string\"}],\"inLanguage\":\"it-IT\"},{\"@type\":\"WebPage\",\"@id\":\"https:\/\/jazbec.si\/it\/prenotazione\/#webpage\",\"url\":\"https:\/\/jazbec.si\/it\/prenotazione\/\",\"name\":\"Prenotazione - Gosti\\u0161\\u010de s preno\\u010di\\u0161\\u010di\",\"isPartOf\":{\"@id\":\"https:\/\/jazbec.si\/it\/#website\"},\"datePublished\":\"2019-11-23T14:29:27+00:00\",\"dateModified\":\"2025-05-10T20:54:43+00:00\",\"breadcrumb\":{\"@id\":\"https:\/\/jazbec.si\/it\/prenotazione\/#breadcrumb\"},\"inLanguage\":\"it-IT\",\"potentialAction\":[{\"@type\":\"ReadAction\",\"target\":[\"https:\/\/jazbec.si\/it\/prenotazione\/\"]}]},{\"@type\":\"BreadcrumbList\",\"@id\":\"https:\/\/jazbec.si\/it\/prenotazione\/#breadcrumb\",\"itemListElement\":[{\"@type\":\"ListItem\",\"position\":1,\"name\":\"Home\",\"item\":\"https:\/\/jazbec.si\/it\/\"},{\"@type\":\"ListItem\",\"position\":2,\"name\":\"Prenotazione\"}]}]}<\/script>\n<!-- \/ Yoast SEO plugin. -->","yoast_head_json":{"title":"Prenotazione - Gosti\u0161\u010de s preno\u010di\u0161\u010di","robots":{"index":"index","follow":"follow","max-snippet":"max-snippet:-1","max-image-preview":"max-image-preview:large","max-video-preview":"max-video-preview:-1"},"canonical":"https:\/\/jazbec.si\/it\/prenotazione\/","og_locale":"it_IT","og_type":"article","og_title":"Prenotazione - Gosti\u0161\u010de s preno\u010di\u0161\u010di","og_description":"[vc_row][vc_column][vc_column_text] Prenotazione online Prenotazioni via mail: bostjan.jazbec@siol.net[\/vc_column_text][\/vc_column][\/vc_row]","og_url":"https:\/\/jazbec.si\/it\/prenotazione\/","og_site_name":"Gosti\u0161\u010de s preno\u010di\u0161\u010di","article_modified_time":"2025-05-10T20:54:43+00:00","twitter_card":"summary_large_image","twitter_misc":{"Tempo di lettura stimato":"1 minuto"},"schema":{"@context":"https:\/\/schema.org","@graph":[{"@type":"WebSite","@id":"https:\/\/jazbec.si\/it\/#website","url":"https:\/\/jazbec.si\/it\/","name":"Gosti\u0161\u010de s preno\u010di\u0161\u010di","description":"","potentialAction":[{"@type":"SearchAction","target":{"@type":"EntryPoint","urlTemplate":"https:\/\/jazbec.si\/it\/?s={search_term_string}"},"query-input":"required name=search_term_string"}],"inLanguage":"it-IT"},{"@type":"WebPage","@id":"https:\/\/jazbec.si\/it\/prenotazione\/#webpage","url":"https:\/\/jazbec.si\/it\/prenotazione\/","name":"Prenotazione - Gosti\u0161\u010de s preno\u010di\u0161\u010di","isPartOf":{"@id":"https:\/\/jazbec.si\/it\/#website"},"datePublished":"2019-11-23T14:29:27+00:00","dateModified":"2025-05-10T20:54:43+00:00","breadcrumb":{"@id":"https:\/\/jazbec.si\/it\/prenotazione\/#breadcrumb"},"inLanguage":"it-IT","potentialAction":[{"@type":"ReadAction","target":["https:\/\/jazbec.si\/it\/prenotazione\/"]}]},{"@type":"BreadcrumbList","@id":"https:\/\/jazbec.si\/it\/prenotazione\/#breadcrumb","itemListElement":[{"@type":"ListItem","position":1,"name":"Home","item":"https:\/\/jazbec.si\/it\/"},{"@type":"ListItem","position":2,"name":"Prenotazione"}]}]}},"_links":{"self":[{"href":"https:\/\/jazbec.si\/it\/wp-json\/wp\/v2\/pages\/10502"}],"collection":[{"href":"https:\/\/jazbec.si\/it\/wp-json\/wp\/v2\/pages"}],"about":[{"href":"https:\/\/jazbec.si\/it\/wp-json\/wp\/v2\/types\/page"}],"author":[{"embeddable":true,"href":"https:\/\/jazbec.si\/it\/wp-json\/wp\/v2\/users\/1"}],"replies":[{"embeddable":true,"href":"https:\/\/jazbec.si\/it\/wp-json\/wp\/v2\/comments?post=10502"}],"version-history":[{"count":3,"href":"https:\/\/jazbec.si\/it\/wp-json\/wp\/v2\/pages\/10502\/revisions"}],"predecessor-version":[{"id":14494,"href":"https:\/\/jazbec.si\/it\/wp-json\/wp\/v2\/pages\/10502\/revisions\/14494"}],"wp:attachment":[{"href":"https:\/\/jazbec.si\/it\/wp-json\/wp\/v2\/media?parent=10502"}],"curies":[{"name":"wp","href":"https:\/\/api.w.org\/{rel}","templated":true}]}}