{"id":10497,"date":"2019-11-23T14:27:05","date_gmt":"2019-11-23T14:27:05","guid":{"rendered":"https:\/\/jazbec.si\/termini-e-condizioni-generali\/"},"modified":"2019-11-23T14:27:05","modified_gmt":"2019-11-23T14:27:05","slug":"termini-e-condizioni-generali","status":"publish","type":"page","link":"https:\/\/jazbec.si\/it\/termini-e-condizioni-generali\/","title":{"rendered":"Termini e condizioni generali"},"content":{"rendered":"","protected":false},"excerpt":{"rendered":"","protected":false},"author":1,"featured_media":0,"parent":0,"menu_order":0,"comment_status":"closed","ping_status":"closed","template":"","meta":[],"yoast_head":"<!-- This site is optimized with the Yoast SEO plugin v17.2 - https:\/\/yoast.com\/wordpress\/plugins\/seo\/ -->\n<title>Termini e condizioni generali - Gosti\u0161\u010de s preno\u010di\u0161\u010di<\/title>\n<meta name=\"robots\" content=\"index, follow, max-snippet:-1, max-image-preview:large, max-video-preview:-1\" \/>\n<link rel=\"canonical\" href=\"https:\/\/jazbec.si\/it\/termini-e-condizioni-generali\/\" \/>\n<meta property=\"og:locale\" content=\"it_IT\" \/>\n<meta property=\"og:type\" content=\"article\" \/>\n<meta property=\"og:title\" content=\"Termini e condizioni generali - Gosti\u0161\u010de s preno\u010di\u0161\u010di\" \/>\n<meta property=\"og:url\" content=\"https:\/\/jazbec.si\/it\/termini-e-condizioni-generali\/\" \/>\n<meta property=\"og:site_name\" content=\"Gosti\u0161\u010de s preno\u010di\u0161\u010di\" \/>\n<meta name=\"twitter:card\" content=\"summary_large_image\" \/>\n<script type=\"application\/ld+json\" class=\"yoast-schema-graph\">{\"@context\":\"https:\/\/schema.org\",\"@graph\":[{\"@type\":\"WebSite\",\"@id\":\"https:\/\/jazbec.si\/it\/#website\",\"url\":\"https:\/\/jazbec.si\/it\/\",\"name\":\"Gosti\\u0161\\u010de s preno\\u010di\\u0161\\u010di\",\"description\":\"\",\"potentialAction\":[{\"@type\":\"SearchAction\",\"target\":{\"@type\":\"EntryPoint\",\"urlTemplate\":\"https:\/\/jazbec.si\/it\/?s={search_term_string}\"},\"query-input\":\"required name=search_term_string\"}],\"inLanguage\":\"it-IT\"},{\"@type\":\"WebPage\",\"@id\":\"https:\/\/jazbec.si\/it\/termini-e-condizioni-generali\/#webpage\",\"url\":\"https:\/\/jazbec.si\/it\/termini-e-condizioni-generali\/\",\"name\":\"Termini e condizioni generali - Gosti\\u0161\\u010de s preno\\u010di\\u0161\\u010di\",\"isPartOf\":{\"@id\":\"https:\/\/jazbec.si\/it\/#website\"},\"datePublished\":\"2019-11-23T14:27:05+00:00\",\"dateModified\":\"2019-11-23T14:27:05+00:00\",\"breadcrumb\":{\"@id\":\"https:\/\/jazbec.si\/it\/termini-e-condizioni-generali\/#breadcrumb\"},\"inLanguage\":\"it-IT\",\"potentialAction\":[{\"@type\":\"ReadAction\",\"target\":[\"https:\/\/jazbec.si\/it\/termini-e-condizioni-generali\/\"]}]},{\"@type\":\"BreadcrumbList\",\"@id\":\"https:\/\/jazbec.si\/it\/termini-e-condizioni-generali\/#breadcrumb\",\"itemListElement\":[{\"@type\":\"ListItem\",\"position\":1,\"name\":\"Home\",\"item\":\"https:\/\/jazbec.si\/it\/\"},{\"@type\":\"ListItem\",\"position\":2,\"name\":\"Termini e condizioni generali\"}]}]}<\/script>\n<!-- \/ Yoast SEO plugin. -->","yoast_head_json":{"title":"Termini e condizioni generali - Gosti\u0161\u010de s preno\u010di\u0161\u010di","robots":{"index":"index","follow":"follow","max-snippet":"max-snippet:-1","max-image-preview":"max-image-preview:large","max-video-preview":"max-video-preview:-1"},"canonical":"https:\/\/jazbec.si\/it\/termini-e-condizioni-generali\/","og_locale":"it_IT","og_type":"article","og_title":"Termini e condizioni generali - Gosti\u0161\u010de s preno\u010di\u0161\u010di","og_url":"https:\/\/jazbec.si\/it\/termini-e-condizioni-generali\/","og_site_name":"Gosti\u0161\u010de s preno\u010di\u0161\u010di","twitter_card":"summary_large_image","schema":{"@context":"https:\/\/schema.org","@graph":[{"@type":"WebSite","@id":"https:\/\/jazbec.si\/it\/#website","url":"https:\/\/jazbec.si\/it\/","name":"Gosti\u0161\u010de s preno\u010di\u0161\u010di","description":"","potentialAction":[{"@type":"SearchAction","target":{"@type":"EntryPoint","urlTemplate":"https:\/\/jazbec.si\/it\/?s={search_term_string}"},"query-input":"required name=search_term_string"}],"inLanguage":"it-IT"},{"@type":"WebPage","@id":"https:\/\/jazbec.si\/it\/termini-e-condizioni-generali\/#webpage","url":"https:\/\/jazbec.si\/it\/termini-e-condizioni-generali\/","name":"Termini e condizioni generali - Gosti\u0161\u010de s preno\u010di\u0161\u010di","isPartOf":{"@id":"https:\/\/jazbec.si\/it\/#website"},"datePublished":"2019-11-23T14:27:05+00:00","dateModified":"2019-11-23T14:27:05+00:00","breadcrumb":{"@id":"https:\/\/jazbec.si\/it\/termini-e-condizioni-generali\/#breadcrumb"},"inLanguage":"it-IT","potentialAction":[{"@type":"ReadAction","target":["https:\/\/jazbec.si\/it\/termini-e-condizioni-generali\/"]}]},{"@type":"BreadcrumbList","@id":"https:\/\/jazbec.si\/it\/termini-e-condizioni-generali\/#breadcrumb","itemListElement":[{"@type":"ListItem","position":1,"name":"Home","item":"https:\/\/jazbec.si\/it\/"},{"@type":"ListItem","position":2,"name":"Termini e condizioni generali"}]}]}},"_links":{"self":[{"href":"https:\/\/jazbec.si\/it\/wp-json\/wp\/v2\/pages\/10497"}],"collection":[{"href":"https:\/\/jazbec.si\/it\/wp-json\/wp\/v2\/pages"}],"about":[{"href":"https:\/\/jazbec.si\/it\/wp-json\/wp\/v2\/types\/page"}],"author":[{"embeddable":true,"href":"https:\/\/jazbec.si\/it\/wp-json\/wp\/v2\/users\/1"}],"replies":[{"embeddable":true,"href":"https:\/\/jazbec.si\/it\/wp-json\/wp\/v2\/comments?post=10497"}],"version-history":[{"count":0,"href":"https:\/\/jazbec.si\/it\/wp-json\/wp\/v2\/pages\/10497\/revisions"}],"wp:attachment":[{"href":"https:\/\/jazbec.si\/it\/wp-json\/wp\/v2\/media?parent=10497"}],"curies":[{"name":"wp","href":"https:\/\/api.w.org\/{rel}","templated":true}]}}