{"id":10493,"date":"2019-11-23T14:25:44","date_gmt":"2019-11-23T14:25:44","guid":{"rendered":"https:\/\/jazbec.si\/programma-del-ristorante-jazbec\/"},"modified":"2026-05-09T18:10:56","modified_gmt":"2026-05-09T18:10:56","slug":"programma-del-ristorante-jazbec","status":"publish","type":"page","link":"https:\/\/jazbec.si\/it\/programma-del-ristorante-jazbec\/","title":{"rendered":"Orario di ristorante"},"content":{"rendered":"<p>[vc_row][vc_column][vc_column_text css_animation=&#8221;fadeIn&#8221;]<\/p>\n<h2 id=\"tw-target-text\" class=\"tw-data-text tw-text-large tw-ta\" dir=\"ltr\" data-placeholder=\"Prevod\"><strong><span lang=\"it\">Ristorante JAZBEC<\/span><\/strong><\/h2>\n<p>[\/vc_column_text][vc_column_text css_animation=&#8221;fadeIn&#8221;]<\/p>\n<table border=\"0\" width=\"301\" cellspacing=\"0\" cellpadding=\"0\">\n<tbody>\n<tr>\n<td width=\"246\" height=\"31\"><em>Lunedi\u00a0 11.05.2026<\/em><\/td>\n<td colspan=\"2\" width=\"144\"><strong><i><em><span class=\"Y2IQFc\" lang=\"it\">CHIUSO<\/span><\/em><\/i><\/strong><\/td>\n<\/tr>\n<tr>\n<td height=\"28\"><em>Marted\u00ec\u00a0 12.05.2026<\/em><\/td>\n<td colspan=\"2\"><strong><i><em><span class=\"Y2IQFc\" lang=\"it\">CHIUSO<\/span><\/em><\/i><\/strong><\/td>\n<\/tr>\n<tr>\n<td height=\"28\"><em>Mercoled\u00ec\u00a0\u00a0<\/em><\/td>\n<td colspan=\"2\"><strong><i><em><span class=\"Y2IQFc\" lang=\"it\">APERTO 12:00h &#8211; 21:00h<\/span><\/em><\/i><\/strong><\/td>\n<\/tr>\n<tr>\n<td height=\"28\"><em>Giovedi\u00a0\u00a0<\/em><\/td>\n<td colspan=\"2\"><strong><i><em><span class=\"Y2IQFc\" lang=\"it\">APERTO 12:00h &#8211; 21:00h<\/span><\/em><\/i><\/strong><\/td>\n<\/tr>\n<tr>\n<td height=\"28\">Venerdi <em>\u00a0\u00a0<\/em><\/td>\n<td colspan=\"2\"><strong><i><em><span class=\"Y2IQFc\" lang=\"it\">APERTO 12:00h &#8211; 21:00h<\/span><\/em><\/i><\/strong><\/td>\n<\/tr>\n<tr>\n<td height=\"28\"><em>Sabato\u00a0 \u00a0<\/em><\/td>\n<td colspan=\"2\"><strong><i><em><span class=\"Y2IQFc\" lang=\"it\">APERTO 12:00h &#8211; 21:00h<\/span><\/em><\/i><\/strong><\/td>\n<\/tr>\n<tr>\n<td height=\"28\"><em>Domenica\u00a0 \u00a0\u00a0<\/em><\/td>\n<td><strong><em><span class=\"Y2IQFc\" lang=\"it\"><i>APERTO 12:00h &#8211; 21:00h<\/i><\/span><\/em><\/strong><\/td>\n<\/tr>\n<\/tbody>\n<\/table>\n<p>[\/vc_column_text][vc_column_text][\/vc_column_text][\/vc_column][\/vc_row][vc_row][vc_column][vc_column_text]<\/p>\n<pre id=\"tw-target-text\" class=\"tw-data-text tw-text-large tw-ta\" dir=\"ltr\" data-placeholder=\"Prevod\" aria-label=\"Prevedeno besedilo\" data-ved=\"2ahUKEwjuspzR8YWHAxU4gf0HHYIUA8kQ3ewLegQIBxAU\"><span class=\"Y2IQFc\" lang=\"it\">Per gruppi pi\u00f9 numerosi si consiglia la prenotazione telefonica: 00386 5 38 91196 oppure 00386 41 570 126\r\n\r\n<\/span><\/pre>\n<pre id=\"tw-target-text\" class=\"tw-data-text tw-text-large tw-ta\" dir=\"ltr\" data-placeholder=\"Prevod\" aria-label=\"Prevedeno besedilo\" data-ved=\"2ahUKEwjuspzR8YWHAxU4gf0HHYIUA8kQ3ewLegQIBxAU\"><\/pre>\n<p>[\/vc_column_text][\/vc_column][\/vc_row][vc_row][vc_column][\/vc_column][\/vc_row][vc_row][vc_column][\/vc_column][\/vc_row]<\/p>\n","protected":false},"excerpt":{"rendered":"<p>[vc_row][vc_column][vc_column_text css_animation=&#8221;fadeIn&#8221;] Ristorante JAZBEC [\/vc_column_text][vc_column_text css_animation=&#8221;fadeIn&#8221;] Lunedi\u00a0 11.05.2026 CHIUSO Marted\u00ec\u00a0 12.05.2026 CHIUSO Mercoled\u00ec\u00a0\u00a0 APERTO 12:00h &#8211; 21:00h Giovedi\u00a0\u00a0 APERTO 12:00h &#8211; 21:00h Venerdi \u00a0\u00a0 APERTO 12:00h &#8211; 21:00h Sabato\u00a0 \u00a0 APERTO 12:00h &#8211; 21:00h Domenica\u00a0 \u00a0\u00a0 APERTO 12:00h &#8211; 21:00h [\/vc_column_text][vc_column_text][\/vc_column_text][\/vc_column][\/vc_row][vc_row][vc_column][vc_column_text] Per gruppi pi\u00f9 numerosi si consiglia la prenotazione telefonica: 00386 5 38 91196 oppure [&hellip;]<\/p>\n","protected":false},"author":1,"featured_media":12602,"parent":0,"menu_order":0,"comment_status":"closed","ping_status":"closed","template":"","meta":[],"yoast_head":"<!-- This site is optimized with the Yoast SEO plugin v17.2 - https:\/\/yoast.com\/wordpress\/plugins\/seo\/ -->\n<title>Orario di ristorante - Gosti\u0161\u010de s preno\u010di\u0161\u010di<\/title>\n<meta name=\"robots\" content=\"index, follow, max-snippet:-1, max-image-preview:large, max-video-preview:-1\" \/>\n<link rel=\"canonical\" href=\"https:\/\/jazbec.si\/it\/programma-del-ristorante-jazbec\/\" \/>\n<meta property=\"og:locale\" content=\"it_IT\" \/>\n<meta property=\"og:type\" content=\"article\" \/>\n<meta property=\"og:title\" content=\"Orario di ristorante - Gosti\u0161\u010de s preno\u010di\u0161\u010di\" \/>\n<meta property=\"og:description\" content=\"[vc_row][vc_column][vc_column_text css_animation=&#8221;fadeIn&#8221;] Ristorante JAZBEC [\/vc_column_text][vc_column_text css_animation=&#8221;fadeIn&#8221;] Lunedi\u00a0 11.05.2026 CHIUSO Marted\u00ec\u00a0 12.05.2026 CHIUSO Mercoled\u00ec\u00a0\u00a0 APERTO 12:00h &#8211; 21:00h Giovedi\u00a0\u00a0 APERTO 12:00h &#8211; 21:00h Venerdi \u00a0\u00a0 APERTO 12:00h &#8211; 21:00h Sabato\u00a0 \u00a0 APERTO 12:00h &#8211; 21:00h Domenica\u00a0 \u00a0\u00a0 APERTO 12:00h &#8211; 21:00h [\/vc_column_text][vc_column_text][\/vc_column_text][\/vc_column][\/vc_row][vc_row][vc_column][vc_column_text] Per gruppi pi\u00f9 numerosi si consiglia la prenotazione telefonica: 00386 5 38 91196 oppure [&hellip;]\" \/>\n<meta property=\"og:url\" content=\"https:\/\/jazbec.si\/it\/programma-del-ristorante-jazbec\/\" \/>\n<meta property=\"og:site_name\" content=\"Gosti\u0161\u010de s preno\u010di\u0161\u010di\" \/>\n<meta property=\"article:modified_time\" content=\"2026-05-09T18:10:56+00:00\" \/>\n<meta property=\"og:image\" content=\"https:\/\/jazbec.si\/wp-content\/uploads\/2021\/10\/20210930_111545-1-scaled.jpg\" \/>\n\t<meta property=\"og:image:width\" content=\"2560\" \/>\n\t<meta property=\"og:image:height\" content=\"1920\" \/>\n<meta name=\"twitter:card\" content=\"summary_large_image\" \/>\n<meta name=\"twitter:label1\" content=\"Tempo di lettura stimato\" \/>\n\t<meta name=\"twitter:data1\" content=\"1 minuto\" \/>\n<script type=\"application\/ld+json\" class=\"yoast-schema-graph\">{\"@context\":\"https:\/\/schema.org\",\"@graph\":[{\"@type\":\"WebSite\",\"@id\":\"https:\/\/jazbec.si\/it\/#website\",\"url\":\"https:\/\/jazbec.si\/it\/\",\"name\":\"Gosti\\u0161\\u010de s preno\\u010di\\u0161\\u010di\",\"description\":\"\",\"potentialAction\":[{\"@type\":\"SearchAction\",\"target\":{\"@type\":\"EntryPoint\",\"urlTemplate\":\"https:\/\/jazbec.si\/it\/?s={search_term_string}\"},\"query-input\":\"required name=search_term_string\"}],\"inLanguage\":\"it-IT\"},{\"@type\":\"ImageObject\",\"@id\":\"https:\/\/jazbec.si\/it\/programma-del-ristorante-jazbec\/#primaryimage\",\"inLanguage\":\"it-IT\",\"url\":\"https:\/\/jazbec.si\/wp-content\/uploads\/2021\/10\/20210930_111545-1-scaled.jpg\",\"contentUrl\":\"https:\/\/jazbec.si\/wp-content\/uploads\/2021\/10\/20210930_111545-1-scaled.jpg\",\"width\":2560,\"height\":1920,\"caption\":\"ZAPRTO\"},{\"@type\":\"WebPage\",\"@id\":\"https:\/\/jazbec.si\/it\/programma-del-ristorante-jazbec\/#webpage\",\"url\":\"https:\/\/jazbec.si\/it\/programma-del-ristorante-jazbec\/\",\"name\":\"Orario di ristorante - Gosti\\u0161\\u010de s preno\\u010di\\u0161\\u010di\",\"isPartOf\":{\"@id\":\"https:\/\/jazbec.si\/it\/#website\"},\"primaryImageOfPage\":{\"@id\":\"https:\/\/jazbec.si\/it\/programma-del-ristorante-jazbec\/#primaryimage\"},\"datePublished\":\"2019-11-23T14:25:44+00:00\",\"dateModified\":\"2026-05-09T18:10:56+00:00\",\"breadcrumb\":{\"@id\":\"https:\/\/jazbec.si\/it\/programma-del-ristorante-jazbec\/#breadcrumb\"},\"inLanguage\":\"it-IT\",\"potentialAction\":[{\"@type\":\"ReadAction\",\"target\":[\"https:\/\/jazbec.si\/it\/programma-del-ristorante-jazbec\/\"]}]},{\"@type\":\"BreadcrumbList\",\"@id\":\"https:\/\/jazbec.si\/it\/programma-del-ristorante-jazbec\/#breadcrumb\",\"itemListElement\":[{\"@type\":\"ListItem\",\"position\":1,\"name\":\"Home\",\"item\":\"https:\/\/jazbec.si\/it\/\"},{\"@type\":\"ListItem\",\"position\":2,\"name\":\"Orario di ristorante\"}]}]}<\/script>\n<!-- \/ Yoast SEO plugin. -->","yoast_head_json":{"title":"Orario di ristorante - Gosti\u0161\u010de s preno\u010di\u0161\u010di","robots":{"index":"index","follow":"follow","max-snippet":"max-snippet:-1","max-image-preview":"max-image-preview:large","max-video-preview":"max-video-preview:-1"},"canonical":"https:\/\/jazbec.si\/it\/programma-del-ristorante-jazbec\/","og_locale":"it_IT","og_type":"article","og_title":"Orario di ristorante - Gosti\u0161\u010de s preno\u010di\u0161\u010di","og_description":"[vc_row][vc_column][vc_column_text css_animation=&#8221;fadeIn&#8221;] Ristorante JAZBEC [\/vc_column_text][vc_column_text css_animation=&#8221;fadeIn&#8221;] Lunedi\u00a0 11.05.2026 CHIUSO Marted\u00ec\u00a0 12.05.2026 CHIUSO Mercoled\u00ec\u00a0\u00a0 APERTO 12:00h &#8211; 21:00h Giovedi\u00a0\u00a0 APERTO 12:00h &#8211; 21:00h Venerdi \u00a0\u00a0 APERTO 12:00h &#8211; 21:00h Sabato\u00a0 \u00a0 APERTO 12:00h &#8211; 21:00h Domenica\u00a0 \u00a0\u00a0 APERTO 12:00h &#8211; 21:00h [\/vc_column_text][vc_column_text][\/vc_column_text][\/vc_column][\/vc_row][vc_row][vc_column][vc_column_text] Per gruppi pi\u00f9 numerosi si consiglia la prenotazione telefonica: 00386 5 38 91196 oppure [&hellip;]","og_url":"https:\/\/jazbec.si\/it\/programma-del-ristorante-jazbec\/","og_site_name":"Gosti\u0161\u010de s preno\u010di\u0161\u010di","article_modified_time":"2026-05-09T18:10:56+00:00","og_image":[{"width":2560,"height":1920,"url":"https:\/\/jazbec.si\/wp-content\/uploads\/2021\/10\/20210930_111545-1-scaled.jpg","path":"\/home\/dweblps\/jazbec.si\/wp-content\/uploads\/2021\/10\/20210930_111545-1-scaled.jpg","size":"full","id":12602,"alt":"ZAPRTO","pixels":4915200,"type":"image\/jpeg"}],"twitter_card":"summary_large_image","twitter_misc":{"Tempo di lettura stimato":"1 minuto"},"schema":{"@context":"https:\/\/schema.org","@graph":[{"@type":"WebSite","@id":"https:\/\/jazbec.si\/it\/#website","url":"https:\/\/jazbec.si\/it\/","name":"Gosti\u0161\u010de s preno\u010di\u0161\u010di","description":"","potentialAction":[{"@type":"SearchAction","target":{"@type":"EntryPoint","urlTemplate":"https:\/\/jazbec.si\/it\/?s={search_term_string}"},"query-input":"required name=search_term_string"}],"inLanguage":"it-IT"},{"@type":"ImageObject","@id":"https:\/\/jazbec.si\/it\/programma-del-ristorante-jazbec\/#primaryimage","inLanguage":"it-IT","url":"https:\/\/jazbec.si\/wp-content\/uploads\/2021\/10\/20210930_111545-1-scaled.jpg","contentUrl":"https:\/\/jazbec.si\/wp-content\/uploads\/2021\/10\/20210930_111545-1-scaled.jpg","width":2560,"height":1920,"caption":"ZAPRTO"},{"@type":"WebPage","@id":"https:\/\/jazbec.si\/it\/programma-del-ristorante-jazbec\/#webpage","url":"https:\/\/jazbec.si\/it\/programma-del-ristorante-jazbec\/","name":"Orario di ristorante - Gosti\u0161\u010de s preno\u010di\u0161\u010di","isPartOf":{"@id":"https:\/\/jazbec.si\/it\/#website"},"primaryImageOfPage":{"@id":"https:\/\/jazbec.si\/it\/programma-del-ristorante-jazbec\/#primaryimage"},"datePublished":"2019-11-23T14:25:44+00:00","dateModified":"2026-05-09T18:10:56+00:00","breadcrumb":{"@id":"https:\/\/jazbec.si\/it\/programma-del-ristorante-jazbec\/#breadcrumb"},"inLanguage":"it-IT","potentialAction":[{"@type":"ReadAction","target":["https:\/\/jazbec.si\/it\/programma-del-ristorante-jazbec\/"]}]},{"@type":"BreadcrumbList","@id":"https:\/\/jazbec.si\/it\/programma-del-ristorante-jazbec\/#breadcrumb","itemListElement":[{"@type":"ListItem","position":1,"name":"Home","item":"https:\/\/jazbec.si\/it\/"},{"@type":"ListItem","position":2,"name":"Orario di ristorante"}]}]}},"_links":{"self":[{"href":"https:\/\/jazbec.si\/it\/wp-json\/wp\/v2\/pages\/10493"}],"collection":[{"href":"https:\/\/jazbec.si\/it\/wp-json\/wp\/v2\/pages"}],"about":[{"href":"https:\/\/jazbec.si\/it\/wp-json\/wp\/v2\/types\/page"}],"author":[{"embeddable":true,"href":"https:\/\/jazbec.si\/it\/wp-json\/wp\/v2\/users\/1"}],"replies":[{"embeddable":true,"href":"https:\/\/jazbec.si\/it\/wp-json\/wp\/v2\/comments?post=10493"}],"version-history":[{"count":272,"href":"https:\/\/jazbec.si\/it\/wp-json\/wp\/v2\/pages\/10493\/revisions"}],"predecessor-version":[{"id":14853,"href":"https:\/\/jazbec.si\/it\/wp-json\/wp\/v2\/pages\/10493\/revisions\/14853"}],"wp:featuredmedia":[{"embeddable":true,"href":"https:\/\/jazbec.si\/it\/wp-json\/wp\/v2\/media\/12602"}],"wp:attachment":[{"href":"https:\/\/jazbec.si\/it\/wp-json\/wp\/v2\/media?parent=10493"}],"curies":[{"name":"wp","href":"https:\/\/api.w.org\/{rel}","templated":true}]}}