{"id":10476,"date":"2019-11-23T14:12:00","date_gmt":"2019-11-23T14:12:00","guid":{"rendered":"https:\/\/jazbec.si\/contatto\/"},"modified":"2025-05-10T21:01:23","modified_gmt":"2025-05-10T21:01:23","slug":"contatto","status":"publish","type":"page","link":"https:\/\/jazbec.si\/it\/contatto\/","title":{"rendered":"Contatto"},"content":{"rendered":"<p>[vc_row el_class=&#8221;dt-sc-overflow_visible&#8221; css=&#8221;.vc_custom_1564586540904{margin-top: -35px !important;}&#8221;][vc_column width=&#8221;1\/4&#8243;]<div class=\"ult-animation  ult-animate-viewport  ult-no-mobile \" data-animate=\"fadeIn\" data-animation-delay=\"0.5\" data-animation-duration=\"1\" data-animation-iteration=\"1\" style=\"opacity:0;\" data-opacity_start_effect=\"\"><div class='dt-sc-contact-info type3 '><span class='icon icon-pointer'> <\/span><h6>POSIZIONE<\/h6><strong>Idrsko 56, <\/strong><strong>5222 Kobarid<\/strong><\/p>\n<p>Dalla direzione Kobarid: 1 chilometro dopo il distributore di benzina a Kobarid in direzione Tolmin-Nova gorica<\/div><\/div>[\/vc_column][vc_column width=&#8221;1\/4&#8243;]<div class=\"ult-animation  ult-animate-viewport  ult-no-mobile \" data-animate=\"fadeIn\" data-animation-delay=\"0.8\" data-animation-duration=\"1\" data-animation-iteration=\"1\" style=\"opacity:0;\" data-opacity_start_effect=\"\"><div class='dt-sc-contact-info type3 '><span class='icon icon-phone2'> <\/span><h6>TELEFONO<\/h6><strong>tel:\u00a0<\/strong><strong>+386 (0)<\/strong><strong>5 38 91196<\/strong>\n<strong>gsm: +386 (0)41 570 126<\/strong><\/div><\/div>[\/vc_column][vc_column width=&#8221;1\/4&#8243;]<div class=\"ult-animation poseben ult-animate-viewport  ult-no-mobile \" data-animate=\"fadeIn\" data-animation-delay=\"1.1\" data-animation-duration=\"1\" data-animation-iteration=\"1\" style=\"opacity:0;\" data-opacity_start_effect=\"\"><div class='dt-sc-contact-info type3 '><span class='icon icon-imbox'> <\/span><h6>Indirizzo email<\/h6><strong>bostjan.jazbec@siol.net<\/strong><\/div><\/div>[\/vc_column][vc_column width=&#8221;1\/4&#8243;][\/vc_column][\/vc_row][vc_row full_width=&#8221;stretch_row_content_no_spaces&#8221; css_animation=&#8221;fadeIn&#8221; el_class=&#8221;vcr_float_right&#8221; css=&#8221;.vc_custom_1564571715206{margin-top: 60px !important;background-position: 0 0 !important;background-repeat: repeat !important;}&#8221;][vc_column el_class=&#8221;rs_col_no_btm_space&#8221;][vc_row_inner content_placement=&#8221;middle&#8221;][vc_column_inner el_class=&#8221;restaurant-contact-bg rs_col-sm-12&#8243; width=&#8221;1\/2&#8243; offset=&#8221;vc_col-lg-6 vc_col-md-12&#8243; css=&#8221;.vc_custom_1458228894010{padding-right: 40px !important;}&#8221;][\/vc_column_inner][vc_column_inner el_class=&#8221;rs_col-sm-12 rs_col_no_btm_space&#8221; width=&#8221;1\/2&#8243; offset=&#8221;vc_col-lg-6 vc_col-md-12&#8243;][vc_raw_html]PGlmcmFtZSBzcmM9Imh0dHBzOi8vd3d3Lmdvb2dsZS5jb20vbWFwcy9lbWJlZD9wYj0hMW0xOCExbTEyITFtMyExZDI3NTkuODQxMzM1ODc1MTg2ITJkMTMuNTg3NjY5MTE1NTgzMzYhM2Q0Ni4yMzM0OTk4NzkxMTc1NDUhMm0zITFmMCEyZjAhM2YwITNtMiExaTEwMjQhMmk3NjghNGYxMy4xITNtMyExbTIhMXMweDQ3N2E1YjkxNzA0ZDM0NjklM0EweDM3NzIyMTU3NjUyMTIxZGMhMnNJZHJza28rNTYlMkMrNTIyMitLb2JhcmlkITVlMCEzbTIhMXNzbCEyc3NpITR2MTU2Mzk4MzIzOTc4MiE1bTIhMXNzbCEyc3NpIiB3aWR0aD0iNjAwIiBoZWlnaHQ9IjQ1MCIgZnJhbWVib3JkZXI9IjAiIHN0eWxlPSJib3JkZXI6MCIgYWxsb3dmdWxsc2NyZWVuPjwvaWZyYW1lPg==[\/vc_raw_html][\/vc_column_inner][\/vc_row_inner][\/vc_column][\/vc_row]<\/p>\n","protected":false},"excerpt":{"rendered":"<p>[vc_row el_class=&#8221;dt-sc-overflow_visible&#8221; css=&#8221;.vc_custom_1564586540904{margin-top: -35px !important;}&#8221;][vc_column width=&#8221;1\/4&#8243;][\/vc_column][vc_column width=&#8221;1\/4&#8243;][\/vc_column][vc_column width=&#8221;1\/4&#8243;][\/vc_column][vc_column width=&#8221;1\/4&#8243;][\/vc_column][\/vc_row][vc_row full_width=&#8221;stretch_row_content_no_spaces&#8221; css_animation=&#8221;fadeIn&#8221; el_class=&#8221;vcr_float_right&#8221; css=&#8221;.vc_custom_1564571715206{margin-top: 60px !important;background-position: 0 0 !important;background-repeat: repeat !important;}&#8221;][vc_column el_class=&#8221;rs_col_no_btm_space&#8221;][vc_row_inner content_placement=&#8221;middle&#8221;][vc_column_inner el_class=&#8221;restaurant-contact-bg rs_col-sm-12&#8243; width=&#8221;1\/2&#8243; offset=&#8221;vc_col-lg-6 vc_col-md-12&#8243; css=&#8221;.vc_custom_1458228894010{padding-right: 40px !important;}&#8221;][\/vc_column_inner][vc_column_inner el_class=&#8221;rs_col-sm-12 rs_col_no_btm_space&#8221; width=&#8221;1\/2&#8243; offset=&#8221;vc_col-lg-6 vc_col-md-12&#8243;][vc_raw_html]PGlmcmFtZSBzcmM9Imh0dHBzOi8vd3d3Lmdvb2dsZS5jb20vbWFwcy9lbWJlZD9wYj0hMW0xOCExbTEyITFtMyExZDI3NTkuODQxMzM1ODc1MTg2ITJkMTMuNTg3NjY5MTE1NTgzMzYhM2Q0Ni4yMzM0OTk4NzkxMTc1NDUhMm0zITFmMCEyZjAhM2YwITNtMiExaTEwMjQhMmk3NjghNGYxMy4xITNtMyExbTIhMXMweDQ3N2E1YjkxNzA0ZDM0NjklM0EweDM3NzIyMTU3NjUyMTIxZGMhMnNJZHJza28rNTYlMkMrNTIyMitLb2JhcmlkITVlMCEzbTIhMXNzbCEyc3NpITR2MTU2Mzk4MzIzOTc4MiE1bTIhMXNzbCEyc3NpIiB3aWR0aD0iNjAwIiBoZWlnaHQ9IjQ1MCIgZnJhbWVib3JkZXI9IjAiIHN0eWxlPSJib3JkZXI6MCIgYWxsb3dmdWxsc2NyZWVuPjwvaWZyYW1lPg==[\/vc_raw_html][\/vc_column_inner][\/vc_row_inner][\/vc_column][\/vc_row]<\/p>\n","protected":false},"author":1,"featured_media":0,"parent":0,"menu_order":0,"comment_status":"closed","ping_status":"closed","template":"","meta":[],"yoast_head":"<!-- This site is optimized with the Yoast SEO plugin v17.2 - https:\/\/yoast.com\/wordpress\/plugins\/seo\/ -->\n<title>Contatto - Gosti\u0161\u010de s preno\u010di\u0161\u010di<\/title>\n<meta name=\"robots\" content=\"index, follow, max-snippet:-1, max-image-preview:large, max-video-preview:-1\" \/>\n<link rel=\"canonical\" href=\"https:\/\/jazbec.si\/it\/contatto\/\" \/>\n<meta property=\"og:locale\" content=\"it_IT\" \/>\n<meta property=\"og:type\" content=\"article\" \/>\n<meta property=\"og:title\" content=\"Contatto - Gosti\u0161\u010de s preno\u010di\u0161\u010di\" \/>\n<meta property=\"og:description\" content=\"[vc_row el_class=&#8221;dt-sc-overflow_visible&#8221; css=&#8221;.vc_custom_1564586540904{margin-top: -35px !important;}&#8221;][vc_column width=&#8221;1\/4&#8243;][\/vc_column][vc_column width=&#8221;1\/4&#8243;][\/vc_column][vc_column width=&#8221;1\/4&#8243;][\/vc_column][vc_column width=&#8221;1\/4&#8243;][\/vc_column][\/vc_row][vc_row full_width=&#8221;stretch_row_content_no_spaces&#8221; css_animation=&#8221;fadeIn&#8221; el_class=&#8221;vcr_float_right&#8221; css=&#8221;.vc_custom_1564571715206{margin-top: 60px !important;background-position: 0 0 !important;background-repeat: repeat !important;}&#8221;][vc_column el_class=&#8221;rs_col_no_btm_space&#8221;][vc_row_inner content_placement=&#8221;middle&#8221;][vc_column_inner el_class=&#8221;restaurant-contact-bg rs_col-sm-12&#8243; width=&#8221;1\/2&#8243; offset=&#8221;vc_col-lg-6 vc_col-md-12&#8243; css=&#8221;.vc_custom_1458228894010{padding-right: 40px !important;}&#8221;][\/vc_column_inner][vc_column_inner el_class=&#8221;rs_col-sm-12 rs_col_no_btm_space&#8221; width=&#8221;1\/2&#8243; offset=&#8221;vc_col-lg-6 vc_col-md-12&#8243;][vc_raw_html]PGlmcmFtZSBzcmM9Imh0dHBzOi8vd3d3Lmdvb2dsZS5jb20vbWFwcy9lbWJlZD9wYj0hMW0xOCExbTEyITFtMyExZDI3NTkuODQxMzM1ODc1MTg2ITJkMTMuNTg3NjY5MTE1NTgzMzYhM2Q0Ni4yMzM0OTk4NzkxMTc1NDUhMm0zITFmMCEyZjAhM2YwITNtMiExaTEwMjQhMmk3NjghNGYxMy4xITNtMyExbTIhMXMweDQ3N2E1YjkxNzA0ZDM0NjklM0EweDM3NzIyMTU3NjUyMTIxZGMhMnNJZHJza28rNTYlMkMrNTIyMitLb2JhcmlkITVlMCEzbTIhMXNzbCEyc3NpITR2MTU2Mzk4MzIzOTc4MiE1bTIhMXNzbCEyc3NpIiB3aWR0aD0iNjAwIiBoZWlnaHQ9IjQ1MCIgZnJhbWVib3JkZXI9IjAiIHN0eWxlPSJib3JkZXI6MCIgYWxsb3dmdWxsc2NyZWVuPjwvaWZyYW1lPg==[\/vc_raw_html][\/vc_column_inner][\/vc_row_inner][\/vc_column][\/vc_row]\" \/>\n<meta property=\"og:url\" content=\"https:\/\/jazbec.si\/it\/contatto\/\" \/>\n<meta property=\"og:site_name\" content=\"Gosti\u0161\u010de s preno\u010di\u0161\u010di\" \/>\n<meta property=\"article:modified_time\" content=\"2025-05-10T21:01:23+00:00\" \/>\n<meta name=\"twitter:card\" content=\"summary_large_image\" \/>\n<meta name=\"twitter:label1\" content=\"Tempo di lettura stimato\" \/>\n\t<meta name=\"twitter:data1\" content=\"1 minuto\" \/>\n<script type=\"application\/ld+json\" class=\"yoast-schema-graph\">{\"@context\":\"https:\/\/schema.org\",\"@graph\":[{\"@type\":\"WebSite\",\"@id\":\"https:\/\/jazbec.si\/it\/#website\",\"url\":\"https:\/\/jazbec.si\/it\/\",\"name\":\"Gosti\\u0161\\u010de s preno\\u010di\\u0161\\u010di\",\"description\":\"\",\"potentialAction\":[{\"@type\":\"SearchAction\",\"target\":{\"@type\":\"EntryPoint\",\"urlTemplate\":\"https:\/\/jazbec.si\/it\/?s={search_term_string}\"},\"query-input\":\"required name=search_term_string\"}],\"inLanguage\":\"it-IT\"},{\"@type\":\"WebPage\",\"@id\":\"https:\/\/jazbec.si\/it\/contatto\/#webpage\",\"url\":\"https:\/\/jazbec.si\/it\/contatto\/\",\"name\":\"Contatto - Gosti\\u0161\\u010de s preno\\u010di\\u0161\\u010di\",\"isPartOf\":{\"@id\":\"https:\/\/jazbec.si\/it\/#website\"},\"datePublished\":\"2019-11-23T14:12:00+00:00\",\"dateModified\":\"2025-05-10T21:01:23+00:00\",\"breadcrumb\":{\"@id\":\"https:\/\/jazbec.si\/it\/contatto\/#breadcrumb\"},\"inLanguage\":\"it-IT\",\"potentialAction\":[{\"@type\":\"ReadAction\",\"target\":[\"https:\/\/jazbec.si\/it\/contatto\/\"]}]},{\"@type\":\"BreadcrumbList\",\"@id\":\"https:\/\/jazbec.si\/it\/contatto\/#breadcrumb\",\"itemListElement\":[{\"@type\":\"ListItem\",\"position\":1,\"name\":\"Home\",\"item\":\"https:\/\/jazbec.si\/it\/\"},{\"@type\":\"ListItem\",\"position\":2,\"name\":\"Contatto\"}]}]}<\/script>\n<!-- \/ Yoast SEO plugin. -->","yoast_head_json":{"title":"Contatto - Gosti\u0161\u010de s preno\u010di\u0161\u010di","robots":{"index":"index","follow":"follow","max-snippet":"max-snippet:-1","max-image-preview":"max-image-preview:large","max-video-preview":"max-video-preview:-1"},"canonical":"https:\/\/jazbec.si\/it\/contatto\/","og_locale":"it_IT","og_type":"article","og_title":"Contatto - Gosti\u0161\u010de s preno\u010di\u0161\u010di","og_description":"[vc_row el_class=&#8221;dt-sc-overflow_visible&#8221; css=&#8221;.vc_custom_1564586540904{margin-top: -35px !important;}&#8221;][vc_column width=&#8221;1\/4&#8243;][\/vc_column][vc_column width=&#8221;1\/4&#8243;][\/vc_column][vc_column width=&#8221;1\/4&#8243;][\/vc_column][vc_column width=&#8221;1\/4&#8243;][\/vc_column][\/vc_row][vc_row full_width=&#8221;stretch_row_content_no_spaces&#8221; css_animation=&#8221;fadeIn&#8221; el_class=&#8221;vcr_float_right&#8221; css=&#8221;.vc_custom_1564571715206{margin-top: 60px !important;background-position: 0 0 !important;background-repeat: repeat !important;}&#8221;][vc_column el_class=&#8221;rs_col_no_btm_space&#8221;][vc_row_inner content_placement=&#8221;middle&#8221;][vc_column_inner el_class=&#8221;restaurant-contact-bg rs_col-sm-12&#8243; width=&#8221;1\/2&#8243; offset=&#8221;vc_col-lg-6 vc_col-md-12&#8243; css=&#8221;.vc_custom_1458228894010{padding-right: 40px !important;}&#8221;][\/vc_column_inner][vc_column_inner el_class=&#8221;rs_col-sm-12 rs_col_no_btm_space&#8221; width=&#8221;1\/2&#8243; offset=&#8221;vc_col-lg-6 vc_col-md-12&#8243;][vc_raw_html]PGlmcmFtZSBzcmM9Imh0dHBzOi8vd3d3Lmdvb2dsZS5jb20vbWFwcy9lbWJlZD9wYj0hMW0xOCExbTEyITFtMyExZDI3NTkuODQxMzM1ODc1MTg2ITJkMTMuNTg3NjY5MTE1NTgzMzYhM2Q0Ni4yMzM0OTk4NzkxMTc1NDUhMm0zITFmMCEyZjAhM2YwITNtMiExaTEwMjQhMmk3NjghNGYxMy4xITNtMyExbTIhMXMweDQ3N2E1YjkxNzA0ZDM0NjklM0EweDM3NzIyMTU3NjUyMTIxZGMhMnNJZHJza28rNTYlMkMrNTIyMitLb2JhcmlkITVlMCEzbTIhMXNzbCEyc3NpITR2MTU2Mzk4MzIzOTc4MiE1bTIhMXNzbCEyc3NpIiB3aWR0aD0iNjAwIiBoZWlnaHQ9IjQ1MCIgZnJhbWVib3JkZXI9IjAiIHN0eWxlPSJib3JkZXI6MCIgYWxsb3dmdWxsc2NyZWVuPjwvaWZyYW1lPg==[\/vc_raw_html][\/vc_column_inner][\/vc_row_inner][\/vc_column][\/vc_row]","og_url":"https:\/\/jazbec.si\/it\/contatto\/","og_site_name":"Gosti\u0161\u010de s preno\u010di\u0161\u010di","article_modified_time":"2025-05-10T21:01:23+00:00","twitter_card":"summary_large_image","twitter_misc":{"Tempo di lettura stimato":"1 minuto"},"schema":{"@context":"https:\/\/schema.org","@graph":[{"@type":"WebSite","@id":"https:\/\/jazbec.si\/it\/#website","url":"https:\/\/jazbec.si\/it\/","name":"Gosti\u0161\u010de s preno\u010di\u0161\u010di","description":"","potentialAction":[{"@type":"SearchAction","target":{"@type":"EntryPoint","urlTemplate":"https:\/\/jazbec.si\/it\/?s={search_term_string}"},"query-input":"required name=search_term_string"}],"inLanguage":"it-IT"},{"@type":"WebPage","@id":"https:\/\/jazbec.si\/it\/contatto\/#webpage","url":"https:\/\/jazbec.si\/it\/contatto\/","name":"Contatto - Gosti\u0161\u010de s preno\u010di\u0161\u010di","isPartOf":{"@id":"https:\/\/jazbec.si\/it\/#website"},"datePublished":"2019-11-23T14:12:00+00:00","dateModified":"2025-05-10T21:01:23+00:00","breadcrumb":{"@id":"https:\/\/jazbec.si\/it\/contatto\/#breadcrumb"},"inLanguage":"it-IT","potentialAction":[{"@type":"ReadAction","target":["https:\/\/jazbec.si\/it\/contatto\/"]}]},{"@type":"BreadcrumbList","@id":"https:\/\/jazbec.si\/it\/contatto\/#breadcrumb","itemListElement":[{"@type":"ListItem","position":1,"name":"Home","item":"https:\/\/jazbec.si\/it\/"},{"@type":"ListItem","position":2,"name":"Contatto"}]}]}},"_links":{"self":[{"href":"https:\/\/jazbec.si\/it\/wp-json\/wp\/v2\/pages\/10476"}],"collection":[{"href":"https:\/\/jazbec.si\/it\/wp-json\/wp\/v2\/pages"}],"about":[{"href":"https:\/\/jazbec.si\/it\/wp-json\/wp\/v2\/types\/page"}],"author":[{"embeddable":true,"href":"https:\/\/jazbec.si\/it\/wp-json\/wp\/v2\/users\/1"}],"replies":[{"embeddable":true,"href":"https:\/\/jazbec.si\/it\/wp-json\/wp\/v2\/comments?post=10476"}],"version-history":[{"count":10,"href":"https:\/\/jazbec.si\/it\/wp-json\/wp\/v2\/pages\/10476\/revisions"}],"predecessor-version":[{"id":14502,"href":"https:\/\/jazbec.si\/it\/wp-json\/wp\/v2\/pages\/10476\/revisions\/14502"}],"wp:attachment":[{"href":"https:\/\/jazbec.si\/it\/wp-json\/wp\/v2\/media?parent=10476"}],"curies":[{"name":"wp","href":"https:\/\/api.w.org\/{rel}","templated":true}]}}