{"id":10469,"date":"2019-11-23T14:08:56","date_gmt":"2019-11-23T14:08:56","guid":{"rendered":"https:\/\/jazbec.si\/jazbec\/"},"modified":"2023-12-01T17:07:36","modified_gmt":"2023-12-01T17:07:36","slug":"jazbec","status":"publish","type":"page","link":"https:\/\/jazbec.si\/it\/","title":{"rendered":"Jazbec"},"content":{"rendered":"<p>[vc_row full_width=&#8221;stretch_row_content&#8221; css_animation=&#8221;fadeInUp&#8221; css=&#8221;.vc_custom_1503552268638{padding-top: 40px !important;padding-right: 40px !important;padding-bottom: 6.5% !important;padding-left: 40px !important;}&#8221; el_class=&#8221;resort-booking&#8221;][vc_column]<div class=\"ult-spacer spacer-6a046c3cd2770\" data-id=\"6a046c3cd2770\" data-height=\"40\" data-height-mobile=\"40\" data-height-tab=\"40\" data-height-tab-portrait=\"\" data-height-mobile-landscape=\"\" style=\"clear:both;display:block;\"><\/div><div class=\"ult-animation  ult-animate-viewport  ult-no-mobile \" data-animate=\"bounceIn\" data-animation-delay=\"0.8\" data-animation-duration=\"1\" data-animation-iteration=\"1\" style=\"opacity:0;\" data-opacity_start_effect=\"\">[vc_custom_heading text=&#8221;Chiamaci: 00386 (0)5 389 1196 o cellulare di Bostjan Jazbec: 0038641570126&#8243; font_container=&#8221;tag:h2|font_size:30px|text_align:center&#8221; use_theme_fonts=&#8221;yes&#8221; css=&#8221;.vc_custom_1701450454911{margin-bottom: 40px !important;}&#8221; link=&#8221;url:tel%3A0038653891196|||&#8221;]<\/div>[vc_row_inner el_class=&#8221;booking-section&#8221;][vc_column_inner width=&#8221;1\/3&#8243;]<div class=\"ult-animation  ult-animate-viewport  ult-no-mobile \" data-animate=\"fadeIn\" data-animation-delay=\"1.1\" data-animation-duration=\"1\" data-animation-iteration=\"1\" style=\"opacity:0;\" data-opacity_start_effect=\"\">[vc_raw_html]JTNDZGl2JTIwY2xhc3MlM0QlMjJjYXJkJTIwY2FyZC0xJTIwcHJ2YSUyMiUzRSUwQSUzQ3AlMjBjbGFzcyUzRCUyMnBvc2ViZW56Z29yYWolMjIlM0VHYXN0cm9ub21pYSUzQyUyRnAlM0UlMEElM0NhJTIwaHJlZiUzRCUyMiUyRml0JTJGY2libyUyRiUyMmNsYXNzJTNEJTIycG9zZWJuaWxpbmtpJTIyJTNFTGVnZ2klMjB0dXR0byUzQyUyRmElM0UlMEElMEElM0MlMkZkaXYlM0U=[\/vc_raw_html]<\/div>[\/vc_column_inner][vc_column_inner width=&#8221;1\/3&#8243;]<div class=\"ult-animation  ult-animate-viewport  ult-no-mobile \" data-animate=\"fadeIn\" data-animation-delay=\"0.8\" data-animation-duration=\"1\" data-animation-iteration=\"1\" style=\"opacity:0;\" data-opacity_start_effect=\"\">[vc_raw_html]JTNDZGl2JTIwY2xhc3MlM0QlMjJjYXJkJTIwY2FyZC0xJTIwZHJ1Z2ElMjIlM0UlMEElM0NwJTIwY2xhc3MlM0QlMjJwb3NlYmVuemdvcmFqJTIyJTNFQWxsb2dnaW8lM0MlMkZwJTNFJTBBJTNDYSUyMGhyZWYlM0QlMjIlMkZpdCUyRmFsbG9nZ2klMkYlMjIlMjBjbGFzcyUzRCUyMnBvc2VibmlsaW5raSUyMiUzRUxlZ2dpJTIwdHV0dG8lMEElM0MlMkZhJTNFJTBBJTNDJTJGZGl2JTNF[\/vc_raw_html]<\/div>[\/vc_column_inner][vc_column_inner width=&#8221;1\/3&#8243;]<div class=\"ult-animation  ult-animate-viewport  ult-no-mobile \" data-animate=\"fadeIn\" data-animation-delay=\"1.5\" data-animation-duration=\"1\" data-animation-iteration=\"1\" style=\"opacity:0;\" data-opacity_start_effect=\"\">[vc_raw_html]JTNDZGl2JTIwY2xhc3MlM0QlMjJjYXJkJTIwY2FyZC0xJTIwdHJldGphJTIyJTNFJTBBJTNDcCUyMGNsYXNzJTNEJTIycG9zZWJlbnpnb3JhaiUyMiUzRVByZW5vdGF6aW9uaSUzQyUyRnAlM0UlMEElM0NhJTIwaHJlZiUzRCUyMiUyRml0JTJGcHJvZ3JhbW1hLWRlbC1yaXN0b3JhbnRlLWphemJlYyUyRiUyMiUyMGNsYXNzJTNEJTIycG9zZWJuaWxpbmtpJTIyJTNFTGVnZ2klMjB0dXR0byUzQyUyRmElM0UlMEElMEElM0MlMkZkaXYlM0U=[\/vc_raw_html]<\/div>[\/vc_column_inner][\/vc_row_inner][\/vc_column][\/vc_row][vc_row full_width=&#8221;stretch_row_content&#8221; css_animation=&#8221;fadeInUp&#8221; css=&#8221;.vc_custom_1564736628548{padding-bottom: 10% !important;background-image: url(https:\/\/jazbec.si\/wp-content\/uploads\/2019\/07\/dogodki_featured.png?id=10318) !important;background-position: center !important;background-repeat: no-repeat !important;background-size: cover !important;}&#8221; el_class=&#8221;customzozadjem&#8221;][vc_column el_class=&#8221;aligncenter&#8221;]<div class=\"ult-animation  ult-animate-viewport  ult-no-mobile \" data-animate=\"fadeIn\" data-animation-delay=\"0.8\" data-animation-duration=\"1\" data-animation-iteration=\"1\" style=\"opacity:0;\" data-opacity_start_effect=\"\">[vc_custom_heading text=&#8221;Benvenuti a Jazbecu!&#8221; font_container=&#8221;tag:h3|font_size:30px|text_align:center|color:%23859b8f&#8221; google_fonts=&#8221;font_family:Great%20Vibes%3Aregular|font_style:400%20regular%3A400%3Anormal&#8221; css_animation=&#8221;fadeIn&#8221; css=&#8221;.vc_custom_1574529358758{margin-bottom: 30px !important;}&#8221; el_class=&#8221;customclass&#8221;][vc_custom_heading text=&#8221;Benvenuti nel nostro sito Web dove presentiamo la nostra offerta.&#8221; font_container=&#8221;tag:h2|font_size:30px|text_align:center|line_height:40px&#8221; use_theme_fonts=&#8221;yes&#8221; css=&#8221;.vc_custom_1574529823553{margin-bottom: 55px !important;}&#8221;][vc_column_text]<\/p>\n<h4 style=\"text-align: center;\">Abbiamo due case per te per trascorrere il tuo tempo libero o per esplorare la nostra splendida valle:<\/h4>\n<h4 style=\"text-align: center; font-size: 2em; font-weight: bold;\">Camere Jazbec con 5 camere<\/h4>\n<h4 style=\"text-align: center;\">e<\/h4>\n<h4 style=\"text-align: center; font-size: 2em; font-weight: bold;\">Jazbec Inn con 15 camere con possibilit\u00e0 di prenotazione.<\/h4>\n<p>[\/vc_column_text]<\/div>[\/vc_column][\/vc_row][vc_row full_width=&#8221;stretch_row&#8221; css_animation=&#8221;fadeInUp&#8221; css=&#8221;.vc_custom_1564600092968{padding-top: 35px !important;}&#8221;][vc_column width=&#8221;1\/3&#8243;]<div class=\"ult-animation  ult-animate-viewport  ult-no-mobile \" data-animate=\"fadeIn\" data-animation-delay=\"0.8\" data-animation-duration=\"1\" data-animation-iteration=\"1\" style=\"opacity:0;\" data-opacity_start_effect=\"\"><div class='dt-sc-icon-box type4 '><div class=\"icon-wrapper\"><span class='fa fa-cutlery'> <\/span><\/div><div class=\"icon-content\"><h4>Ottima cucina<\/h4><p>Primorska con un tocco balcanico e alpino.<\/p><\/div><\/div><\/div>[\/vc_column][vc_column width=&#8221;1\/3&#8243;]<div class=\"ult-animation  ult-animate-viewport  ult-no-mobile \" data-animate=\"fadeIn\" data-animation-delay=\"2.0\" data-animation-duration=\"1\" data-animation-iteration=\"1\" style=\"opacity:0;\" data-opacity_start_effect=\"\"><div class='dt-sc-icon-box type4 '><div class=\"icon-wrapper\"><span class='fa fa-motorcycle'> <\/span><\/div><div class=\"icon-content\"><h4>Moto amichevole<\/h4><p>Offriamo un garage per biciclette e motori.<\/p><\/div><\/div><\/div>[\/vc_column][vc_column width=&#8221;1\/3&#8243;]<div class=\"ult-animation  ult-animate-viewport  ult-no-mobile \" data-animate=\"fadeIn\" data-animation-delay=\"1.4\" data-animation-duration=\"1\" data-animation-iteration=\"1\" style=\"opacity:0;\" data-opacity_start_effect=\"\"><div class='dt-sc-icon-box type4 '><div class=\"icon-wrapper\"><span class='fa fa-bed'> <\/span><\/div><div class=\"icon-content\"><h4>Sistemazioni confortevoli<\/h4><p>Siamo situati a Idrska, 2 km a sud-est di Kobarid.<\/p><\/div><\/div><\/div>[\/vc_column][\/vc_row][vc_row full_width=&#8221;stretch_row_content_no_spaces&#8221;][vc_column][rev_slider_vc alias=&#8221;italija8&#8243;][\/vc_column][\/vc_row]<\/p>\n","protected":false},"excerpt":{"rendered":"<p>[vc_row full_width=&#8221;stretch_row_content&#8221; css_animation=&#8221;fadeInUp&#8221; css=&#8221;.vc_custom_1503552268638{padding-top: 40px !important;padding-right: 40px !important;padding-bottom: 6.5% !important;padding-left: 40px !important;}&#8221; el_class=&#8221;resort-booking&#8221;][vc_column][vc_row_inner el_class=&#8221;booking-section&#8221;][vc_column_inner width=&#8221;1\/3&#8243;][\/vc_column_inner][vc_column_inner width=&#8221;1\/3&#8243;][\/vc_column_inner][vc_column_inner width=&#8221;1\/3&#8243;][\/vc_column_inner][\/vc_row_inner][\/vc_column][\/vc_row][vc_row full_width=&#8221;stretch_row_content&#8221; css_animation=&#8221;fadeInUp&#8221; css=&#8221;.vc_custom_1564736628548{padding-bottom: 10% !important;background-image: url(https:\/\/jazbec.si\/wp-content\/uploads\/2019\/07\/dogodki_featured.png?id=10318) !important;background-position: center !important;background-repeat: no-repeat !important;background-size: cover !important;}&#8221; el_class=&#8221;customzozadjem&#8221;][vc_column el_class=&#8221;aligncenter&#8221;][\/vc_column][\/vc_row][vc_row full_width=&#8221;stretch_row&#8221; css_animation=&#8221;fadeInUp&#8221; css=&#8221;.vc_custom_1564600092968{padding-top: 35px !important;}&#8221;][vc_column width=&#8221;1\/3&#8243;][\/vc_column][vc_column width=&#8221;1\/3&#8243;][\/vc_column][vc_column width=&#8221;1\/3&#8243;][\/vc_column][\/vc_row][vc_row full_width=&#8221;stretch_row_content_no_spaces&#8221;][vc_column][rev_slider_vc alias=&#8221;italija8&#8243;][\/vc_column][\/vc_row]<\/p>\n","protected":false},"author":1,"featured_media":0,"parent":0,"menu_order":0,"comment_status":"closed","ping_status":"closed","template":"","meta":[],"yoast_head":"<!-- This site is optimized with the Yoast SEO plugin v17.2 - https:\/\/yoast.com\/wordpress\/plugins\/seo\/ -->\n<title>Jazbec - Gosti\u0161\u010de s preno\u010di\u0161\u010di<\/title>\n<meta name=\"robots\" content=\"index, follow, max-snippet:-1, max-image-preview:large, max-video-preview:-1\" \/>\n<link rel=\"canonical\" href=\"https:\/\/jazbec.si\/it\/\" \/>\n<meta property=\"og:locale\" content=\"it_IT\" \/>\n<meta property=\"og:type\" content=\"article\" \/>\n<meta property=\"og:title\" content=\"Jazbec - Gosti\u0161\u010de s preno\u010di\u0161\u010di\" \/>\n<meta property=\"og:description\" content=\"[vc_row full_width=&#8221;stretch_row_content&#8221; css_animation=&#8221;fadeInUp&#8221; css=&#8221;.vc_custom_1503552268638{padding-top: 40px !important;padding-right: 40px !important;padding-bottom: 6.5% !important;padding-left: 40px !important;}&#8221; el_class=&#8221;resort-booking&#8221;][vc_column][vc_row_inner el_class=&#8221;booking-section&#8221;][vc_column_inner width=&#8221;1\/3&#8243;][\/vc_column_inner][vc_column_inner width=&#8221;1\/3&#8243;][\/vc_column_inner][vc_column_inner width=&#8221;1\/3&#8243;][\/vc_column_inner][\/vc_row_inner][\/vc_column][\/vc_row][vc_row full_width=&#8221;stretch_row_content&#8221; css_animation=&#8221;fadeInUp&#8221; css=&#8221;.vc_custom_1564736628548{padding-bottom: 10% !important;background-image: url(https:\/\/jazbec.si\/wp-content\/uploads\/2019\/07\/dogodki_featured.png?id=10318) !important;background-position: center !important;background-repeat: no-repeat !important;background-size: cover !important;}&#8221; el_class=&#8221;customzozadjem&#8221;][vc_column el_class=&#8221;aligncenter&#8221;][\/vc_column][\/vc_row][vc_row full_width=&#8221;stretch_row&#8221; css_animation=&#8221;fadeInUp&#8221; css=&#8221;.vc_custom_1564600092968{padding-top: 35px !important;}&#8221;][vc_column width=&#8221;1\/3&#8243;][\/vc_column][vc_column width=&#8221;1\/3&#8243;][\/vc_column][vc_column width=&#8221;1\/3&#8243;][\/vc_column][\/vc_row][vc_row full_width=&#8221;stretch_row_content_no_spaces&#8221;][vc_column][rev_slider_vc alias=&#8221;italija8&#8243;][\/vc_column][\/vc_row]\" \/>\n<meta property=\"og:url\" content=\"https:\/\/jazbec.si\/it\/\" \/>\n<meta property=\"og:site_name\" content=\"Gosti\u0161\u010de s preno\u010di\u0161\u010di\" \/>\n<meta property=\"article:modified_time\" content=\"2023-12-01T17:07:36+00:00\" \/>\n<meta name=\"twitter:card\" content=\"summary_large_image\" \/>\n<meta name=\"twitter:label1\" content=\"Tempo di lettura stimato\" \/>\n\t<meta name=\"twitter:data1\" content=\"3 minuti\" \/>\n<script type=\"application\/ld+json\" class=\"yoast-schema-graph\">{\"@context\":\"https:\/\/schema.org\",\"@graph\":[{\"@type\":\"WebSite\",\"@id\":\"https:\/\/jazbec.si\/it\/#website\",\"url\":\"https:\/\/jazbec.si\/it\/\",\"name\":\"Gosti\\u0161\\u010de s preno\\u010di\\u0161\\u010di\",\"description\":\"\",\"potentialAction\":[{\"@type\":\"SearchAction\",\"target\":{\"@type\":\"EntryPoint\",\"urlTemplate\":\"https:\/\/jazbec.si\/it\/?s={search_term_string}\"},\"query-input\":\"required name=search_term_string\"}],\"inLanguage\":\"it-IT\"},{\"@type\":\"WebPage\",\"@id\":\"https:\/\/jazbec.si\/it\/#webpage\",\"url\":\"https:\/\/jazbec.si\/it\/\",\"name\":\"Jazbec - Gosti\\u0161\\u010de s preno\\u010di\\u0161\\u010di\",\"isPartOf\":{\"@id\":\"https:\/\/jazbec.si\/it\/#website\"},\"datePublished\":\"2019-11-23T14:08:56+00:00\",\"dateModified\":\"2023-12-01T17:07:36+00:00\",\"breadcrumb\":{\"@id\":\"https:\/\/jazbec.si\/it\/#breadcrumb\"},\"inLanguage\":\"it-IT\",\"potentialAction\":[{\"@type\":\"ReadAction\",\"target\":[\"https:\/\/jazbec.si\/it\/\"]}]},{\"@type\":\"BreadcrumbList\",\"@id\":\"https:\/\/jazbec.si\/it\/#breadcrumb\",\"itemListElement\":[{\"@type\":\"ListItem\",\"position\":1,\"name\":\"Home\",\"item\":\"https:\/\/jazbec.si\/it\/\"},{\"@type\":\"ListItem\",\"position\":2,\"name\":\"Jazbec\"}]}]}<\/script>\n<!-- \/ Yoast SEO plugin. -->","yoast_head_json":{"title":"Jazbec - Gosti\u0161\u010de s preno\u010di\u0161\u010di","robots":{"index":"index","follow":"follow","max-snippet":"max-snippet:-1","max-image-preview":"max-image-preview:large","max-video-preview":"max-video-preview:-1"},"canonical":"https:\/\/jazbec.si\/it\/","og_locale":"it_IT","og_type":"article","og_title":"Jazbec - Gosti\u0161\u010de s preno\u010di\u0161\u010di","og_description":"[vc_row full_width=&#8221;stretch_row_content&#8221; css_animation=&#8221;fadeInUp&#8221; css=&#8221;.vc_custom_1503552268638{padding-top: 40px !important;padding-right: 40px !important;padding-bottom: 6.5% !important;padding-left: 40px !important;}&#8221; el_class=&#8221;resort-booking&#8221;][vc_column][vc_row_inner el_class=&#8221;booking-section&#8221;][vc_column_inner width=&#8221;1\/3&#8243;][\/vc_column_inner][vc_column_inner width=&#8221;1\/3&#8243;][\/vc_column_inner][vc_column_inner width=&#8221;1\/3&#8243;][\/vc_column_inner][\/vc_row_inner][\/vc_column][\/vc_row][vc_row full_width=&#8221;stretch_row_content&#8221; css_animation=&#8221;fadeInUp&#8221; css=&#8221;.vc_custom_1564736628548{padding-bottom: 10% !important;background-image: url(https:\/\/jazbec.si\/wp-content\/uploads\/2019\/07\/dogodki_featured.png?id=10318) !important;background-position: center !important;background-repeat: no-repeat !important;background-size: cover !important;}&#8221; el_class=&#8221;customzozadjem&#8221;][vc_column el_class=&#8221;aligncenter&#8221;][\/vc_column][\/vc_row][vc_row full_width=&#8221;stretch_row&#8221; css_animation=&#8221;fadeInUp&#8221; css=&#8221;.vc_custom_1564600092968{padding-top: 35px !important;}&#8221;][vc_column width=&#8221;1\/3&#8243;][\/vc_column][vc_column width=&#8221;1\/3&#8243;][\/vc_column][vc_column width=&#8221;1\/3&#8243;][\/vc_column][\/vc_row][vc_row full_width=&#8221;stretch_row_content_no_spaces&#8221;][vc_column][rev_slider_vc alias=&#8221;italija8&#8243;][\/vc_column][\/vc_row]","og_url":"https:\/\/jazbec.si\/it\/","og_site_name":"Gosti\u0161\u010de s preno\u010di\u0161\u010di","article_modified_time":"2023-12-01T17:07:36+00:00","twitter_card":"summary_large_image","twitter_misc":{"Tempo di lettura stimato":"3 minuti"},"schema":{"@context":"https:\/\/schema.org","@graph":[{"@type":"WebSite","@id":"https:\/\/jazbec.si\/it\/#website","url":"https:\/\/jazbec.si\/it\/","name":"Gosti\u0161\u010de s preno\u010di\u0161\u010di","description":"","potentialAction":[{"@type":"SearchAction","target":{"@type":"EntryPoint","urlTemplate":"https:\/\/jazbec.si\/it\/?s={search_term_string}"},"query-input":"required name=search_term_string"}],"inLanguage":"it-IT"},{"@type":"WebPage","@id":"https:\/\/jazbec.si\/it\/#webpage","url":"https:\/\/jazbec.si\/it\/","name":"Jazbec - Gosti\u0161\u010de s preno\u010di\u0161\u010di","isPartOf":{"@id":"https:\/\/jazbec.si\/it\/#website"},"datePublished":"2019-11-23T14:08:56+00:00","dateModified":"2023-12-01T17:07:36+00:00","breadcrumb":{"@id":"https:\/\/jazbec.si\/it\/#breadcrumb"},"inLanguage":"it-IT","potentialAction":[{"@type":"ReadAction","target":["https:\/\/jazbec.si\/it\/"]}]},{"@type":"BreadcrumbList","@id":"https:\/\/jazbec.si\/it\/#breadcrumb","itemListElement":[{"@type":"ListItem","position":1,"name":"Home","item":"https:\/\/jazbec.si\/it\/"},{"@type":"ListItem","position":2,"name":"Jazbec"}]}]}},"_links":{"self":[{"href":"https:\/\/jazbec.si\/it\/wp-json\/wp\/v2\/pages\/10469"}],"collection":[{"href":"https:\/\/jazbec.si\/it\/wp-json\/wp\/v2\/pages"}],"about":[{"href":"https:\/\/jazbec.si\/it\/wp-json\/wp\/v2\/types\/page"}],"author":[{"embeddable":true,"href":"https:\/\/jazbec.si\/it\/wp-json\/wp\/v2\/users\/1"}],"replies":[{"embeddable":true,"href":"https:\/\/jazbec.si\/it\/wp-json\/wp\/v2\/comments?post=10469"}],"version-history":[{"count":1,"href":"https:\/\/jazbec.si\/it\/wp-json\/wp\/v2\/pages\/10469\/revisions"}],"predecessor-version":[{"id":13678,"href":"https:\/\/jazbec.si\/it\/wp-json\/wp\/v2\/pages\/10469\/revisions\/13678"}],"wp:attachment":[{"href":"https:\/\/jazbec.si\/it\/wp-json\/wp\/v2\/media?parent=10469"}],"curies":[{"name":"wp","href":"https:\/\/api.w.org\/{rel}","templated":true}]}}