{"id":10556,"date":"2019-11-23T15:16:30","date_gmt":"2019-11-23T15:16:30","guid":{"rendered":"https:\/\/jazbec.si\/gastronomie\/typische-gerichte-kueche\/"},"modified":"2019-11-23T15:51:39","modified_gmt":"2019-11-23T15:51:39","slug":"typische-gerichte-kueche","status":"publish","type":"page","link":"https:\/\/jazbec.si\/de\/gastronomie\/typische-gerichte-kueche\/","title":{"rendered":"Typische Gerichte – K\u00fcche"},"content":{"rendered":"","protected":false},"excerpt":{"rendered":"","protected":false},"author":1,"featured_media":0,"parent":10478,"menu_order":4,"comment_status":"closed","ping_status":"closed","template":"tpl-blog.php","meta":[],"yoast_head":"\nTypische Gerichte - K\u00fcche - Gosti\u0161\u010de s preno\u010di\u0161\u010di<\/title>\n<meta name=\"robots\" content=\"index, follow, max-snippet:-1, max-image-preview:large, max-video-preview:-1\" \/>\n<link rel=\"canonical\" href=\"https:\/\/jazbec.si\/de\/gastronomie\/typische-gerichte-kueche\/\" \/>\n<meta property=\"og:locale\" content=\"de_DE\" \/>\n<meta property=\"og:type\" content=\"article\" \/>\n<meta property=\"og:title\" content=\"Typische Gerichte - K\u00fcche - Gosti\u0161\u010de s preno\u010di\u0161\u010di\" \/>\n<meta property=\"og:url\" content=\"https:\/\/jazbec.si\/de\/gastronomie\/typische-gerichte-kueche\/\" \/>\n<meta property=\"og:site_name\" content=\"Gosti\u0161\u010de s preno\u010di\u0161\u010di\" \/>\n<meta property=\"article:modified_time\" content=\"2019-11-23T15:51:39+00:00\" \/>\n<meta name=\"twitter:card\" content=\"summary_large_image\" \/>\n<script type=\"application\/ld+json\" class=\"yoast-schema-graph\">{\"@context\":\"https:\/\/schema.org\",\"@graph\":[{\"@type\":\"WebSite\",\"@id\":\"https:\/\/jazbec.si\/de\/#website\",\"url\":\"https:\/\/jazbec.si\/de\/\",\"name\":\"Gosti\\u0161\\u010de s preno\\u010di\\u0161\\u010di\",\"description\":\"\",\"potentialAction\":[{\"@type\":\"SearchAction\",\"target\":{\"@type\":\"EntryPoint\",\"urlTemplate\":\"https:\/\/jazbec.si\/de\/?s={search_term_string}\"},\"query-input\":\"required name=search_term_string\"}],\"inLanguage\":\"de\"},{\"@type\":\"WebPage\",\"@id\":\"https:\/\/jazbec.si\/de\/gastronomie\/typische-gerichte-kueche\/#webpage\",\"url\":\"https:\/\/jazbec.si\/de\/gastronomie\/typische-gerichte-kueche\/\",\"name\":\"Typische Gerichte - K\\u00fcche - Gosti\\u0161\\u010de s preno\\u010di\\u0161\\u010di\",\"isPartOf\":{\"@id\":\"https:\/\/jazbec.si\/de\/#website\"},\"datePublished\":\"2019-11-23T15:16:30+00:00\",\"dateModified\":\"2019-11-23T15:51:39+00:00\",\"breadcrumb\":{\"@id\":\"https:\/\/jazbec.si\/de\/gastronomie\/typische-gerichte-kueche\/#breadcrumb\"},\"inLanguage\":\"de\",\"potentialAction\":[{\"@type\":\"ReadAction\",\"target\":[\"https:\/\/jazbec.si\/de\/gastronomie\/typische-gerichte-kueche\/\"]}]},{\"@type\":\"BreadcrumbList\",\"@id\":\"https:\/\/jazbec.si\/de\/gastronomie\/typische-gerichte-kueche\/#breadcrumb\",\"itemListElement\":[{\"@type\":\"ListItem\",\"position\":1,\"name\":\"Home\",\"item\":\"https:\/\/jazbec.si\/de\/\"},{\"@type\":\"ListItem\",\"position\":2,\"name\":\"Gastronomie\",\"item\":\"https:\/\/jazbec.si\/de\/gastronomie\/\"},{\"@type\":\"ListItem\",\"position\":3,\"name\":\"Typische Gerichte – K\\u00fcche\"}]}]}<\/script>\n<!-- \/ Yoast SEO plugin. -->","yoast_head_json":{"title":"Typische Gerichte - K\u00fcche - Gosti\u0161\u010de s preno\u010di\u0161\u010di","robots":{"index":"index","follow":"follow","max-snippet":"max-snippet:-1","max-image-preview":"max-image-preview:large","max-video-preview":"max-video-preview:-1"},"canonical":"https:\/\/jazbec.si\/de\/gastronomie\/typische-gerichte-kueche\/","og_locale":"de_DE","og_type":"article","og_title":"Typische Gerichte - K\u00fcche - Gosti\u0161\u010de s preno\u010di\u0161\u010di","og_url":"https:\/\/jazbec.si\/de\/gastronomie\/typische-gerichte-kueche\/","og_site_name":"Gosti\u0161\u010de s preno\u010di\u0161\u010di","article_modified_time":"2019-11-23T15:51:39+00:00","twitter_card":"summary_large_image","schema":{"@context":"https:\/\/schema.org","@graph":[{"@type":"WebSite","@id":"https:\/\/jazbec.si\/de\/#website","url":"https:\/\/jazbec.si\/de\/","name":"Gosti\u0161\u010de s preno\u010di\u0161\u010di","description":"","potentialAction":[{"@type":"SearchAction","target":{"@type":"EntryPoint","urlTemplate":"https:\/\/jazbec.si\/de\/?s={search_term_string}"},"query-input":"required name=search_term_string"}],"inLanguage":"de"},{"@type":"WebPage","@id":"https:\/\/jazbec.si\/de\/gastronomie\/typische-gerichte-kueche\/#webpage","url":"https:\/\/jazbec.si\/de\/gastronomie\/typische-gerichte-kueche\/","name":"Typische Gerichte - K\u00fcche - Gosti\u0161\u010de s preno\u010di\u0161\u010di","isPartOf":{"@id":"https:\/\/jazbec.si\/de\/#website"},"datePublished":"2019-11-23T15:16:30+00:00","dateModified":"2019-11-23T15:51:39+00:00","breadcrumb":{"@id":"https:\/\/jazbec.si\/de\/gastronomie\/typische-gerichte-kueche\/#breadcrumb"},"inLanguage":"de","potentialAction":[{"@type":"ReadAction","target":["https:\/\/jazbec.si\/de\/gastronomie\/typische-gerichte-kueche\/"]}]},{"@type":"BreadcrumbList","@id":"https:\/\/jazbec.si\/de\/gastronomie\/typische-gerichte-kueche\/#breadcrumb","itemListElement":[{"@type":"ListItem","position":1,"name":"Home","item":"https:\/\/jazbec.si\/de\/"},{"@type":"ListItem","position":2,"name":"Gastronomie","item":"https:\/\/jazbec.si\/de\/gastronomie\/"},{"@type":"ListItem","position":3,"name":"Typische Gerichte – K\u00fcche"}]}]}},"_links":{"self":[{"href":"https:\/\/jazbec.si\/de\/wp-json\/wp\/v2\/pages\/10556"}],"collection":[{"href":"https:\/\/jazbec.si\/de\/wp-json\/wp\/v2\/pages"}],"about":[{"href":"https:\/\/jazbec.si\/de\/wp-json\/wp\/v2\/types\/page"}],"author":[{"embeddable":true,"href":"https:\/\/jazbec.si\/de\/wp-json\/wp\/v2\/users\/1"}],"replies":[{"embeddable":true,"href":"https:\/\/jazbec.si\/de\/wp-json\/wp\/v2\/comments?post=10556"}],"version-history":[{"count":0,"href":"https:\/\/jazbec.si\/de\/wp-json\/wp\/v2\/pages\/10556\/revisions"}],"up":[{"embeddable":true,"href":"https:\/\/jazbec.si\/de\/wp-json\/wp\/v2\/pages\/10478"}],"wp:attachment":[{"href":"https:\/\/jazbec.si\/de\/wp-json\/wp\/v2\/media?parent=10556"}],"curies":[{"name":"wp","href":"https:\/\/api.w.org\/{rel}","templated":true}]}}