{"id":10522,"date":"2019-11-23T14:47:48","date_gmt":"2019-11-23T14:47:48","guid":{"rendered":"https:\/\/jazbec.si\/gastronomie\/benutzerdefinierte-ereignisse\/"},"modified":"2019-11-24T15:41:11","modified_gmt":"2019-11-24T15:41:11","slug":"benutzerdefinierte-ereignisse","status":"publish","type":"page","link":"https:\/\/jazbec.si\/de\/gastronomie\/benutzerdefinierte-ereignisse\/","title":{"rendered":"Benutzerdefinierte Ereignisse"},"content":{"rendered":"<p>[vc_row full_width=&#8220;stretch_row_content_no_spaces&#8220; content_placement=&#8220;middle&#8220; css_animation=&#8220;fadeIn&#8220; css=&#8220;.vc_custom_1564594622226{background-position: 0 0 !important;background-repeat: no-repeat !important;}&#8220; el_class=&#8220;vcr_float_right&#8220;][vc_column width=&#8220;1\/2&#8243; el_class=&#8220;rs_col-sm-12&#8243;][vc_row_inner][vc_column_inner width=&#8220;1\/3&#8243;][\/vc_column_inner][vc_column_inner el_class=&#8220;rs_col-sm-12&#8243; width=&#8220;2\/3&#8243; css=&#8220;.vc_custom_1458050113452{padding-right: 40px !important;padding-left: 55px !important;}&#8220; offset=&#8220;vc_col-lg-8 vc_col-md-12&#8243;]<div class=\"ult-animation  ult-animate-viewport  ult-no-mobile \" data-animate=\"fadeIn\" data-animation-delay=\"0.8\" data-animation-duration=\"1\" data-animation-iteration=\"1\" style=\"opacity:0;\" data-opacity_start_effect=\"\">[vc_custom_heading text=&#8220;Benutzerdefinierte Ereignisse&#8220; font_container=&#8220;tag:h2|font_size:34|text_align:left&#8220; use_theme_fonts=&#8220;yes&#8220;]<div class='dt-sc-hr-invisible-xsmall '> <\/div><div class='dt-sc-clear '> <\/div>[vc_column_text css=&#8220;.vc_custom_1574609981146{margin-bottom: 20px !important;}&#8220;]<em> Ben\u00f6tigen Sie einen speziellen Raum nur f\u00fcr Gesch\u00e4ftsessen mit Ihren Kunden oder ein Mittagessen f\u00fcr eine geschlossene Firma? Neben einem sch\u00f6nen, hausgemachten Ambiente, gutem Essen und freundlichem Service versprechen wir Ihnen ein unvergessliches kulinarisches Erlebnis (A-la-carte) oder stellen Sie sich im Voraus ein einzigartiges Men\u00fc zusammen, wenn das Gruppenmen\u00fc nicht ausreicht. <\/em><\/p>\n<p>Wir organisieren <strong> Partys f\u00fcr geschlossene Bands und verschiedene Jubil\u00e4en. Auf Ihren Wunsch k\u00f6nnen wir ein Ensemble oder ein Duo f\u00fcr Live-Musik mieten!<\/strong><\/p>\n<p><strong> Kongresstourismus &#8211; Platz f\u00fcr <strong> 50 Personen\u00a0 mit Ton- und Diacomputerprojektion<\/strong><\/strong><\/p>\n<p><strong> Bei uns : 15 Zimmer mit einer Kapazit\u00e4t von 47 Personen<\/strong><\/p>\n<p>[\/vc_column_text]<\/div>[\/vc_column_inner][\/vc_row_inner][\/vc_column][vc_column width=&#8220;1\/2&#8243; el_class=&#8220;rs_col-sm-12&#8243;][vc_single_image image=&#8220;9878&#8243; img_size=&#8220;full&#8220;]<div class=\"ult-animation  ult-animate-viewport  ult-no-mobile \" data-animate=\"fadeIn\" data-animation-delay=\"1.1\" data-animation-duration=\"1\" data-animation-iteration=\"1\" style=\"opacity:0;\" data-opacity_start_effect=\"\"><\/div>[\/vc_column][\/vc_row][vc_row full_width=&#8220;stretch_row_content&#8220;][vc_column]<div id=\"ult-carousel-3096467366a047c0375598\" class=\"ult-carousel-wrapper   ult_horizontal\" data-gutter=\"15\" data-rtl=\"false\" ><div class=\"ult-carousel-12500474196a047c037550e \" >[vc_single_image image=&#8220;9913&#8243; img_size=&#8220;full&#8220; alignment=&#8220;center&#8220; onclick=&#8220;link_image&#8220;][vc_single_image image=&#8220;9909&#8243; img_size=&#8220;full&#8220; alignment=&#8220;center&#8220; onclick=&#8220;link_image&#8220;][vc_single_image image=&#8220;9905&#8243; img_size=&#8220;full&#8220; alignment=&#8220;center&#8220; onclick=&#8220;link_image&#8220;][vc_single_image image=&#8220;9901&#8243; img_size=&#8220;full&#8220; alignment=&#8220;center&#8220; onclick=&#8220;link_image&#8220;][vc_single_image image=&#8220;9893&#8243; img_size=&#8220;full&#8220; alignment=&#8220;center&#8220; onclick=&#8220;link_image&#8220;][vc_single_image image=&#8220;9897&#8243; img_size=&#8220;full&#8220; alignment=&#8220;center&#8220; onclick=&#8220;link_image&#8220;][vc_single_image image=&#8220;9889&#8243; img_size=&#8220;full&#8220; alignment=&#8220;center&#8220; onclick=&#8220;link_image&#8220;]<\/div><\/div>\t\t\t<script type=\"text\/javascript\">\r\n\t\t\t\tjQuery(document).ready(function ($) {\r\n\t\t\t\t\tif( typeof jQuery('.ult-carousel-12500474196a047c037550e').slick == \"function\"){\r\n\t\t\t\t\t\t$('.ult-carousel-12500474196a047c037550e').slick({dots: false,autoplay: true,autoplaySpeed: 5000,speed: 300,infinite: true,arrows: true,nextArrow: '<button type=\"button\" role=\"button\" aria-label=\"Next\" style=\"color:#333333; font-size:20px;\" class=\"slick-next default\"><i class=\"ultsl-arrow-right6\"><\/i><\/button>',prevArrow: '<button type=\"button\" role=\"button\" aria-label=\"Previous\" style=\"color:#333333; font-size:20px;\" class=\"slick-prev default\"><i class=\"ultsl-arrow-left6\"><\/i><\/button>',slidesToScroll:5,slidesToShow:5,swipe: true,draggable: true,touchMove: true,pauseOnHover: true,pauseOnFocus: false,responsive: [\r\n\t\t\t\t\t\t\t{\r\n\t\t\t\t\t\t\t  breakpoint: 1026,\r\n\t\t\t\t\t\t\t  settings: {\r\n\t\t\t\t\t\t\t\tslidesToShow: 5,\r\n\t\t\t\t\t\t\t\tslidesToScroll: 5,  \r\n\t\t\t\t\t\t\t  }\r\n\t\t\t\t\t\t\t},\r\n\t\t\t\t\t\t\t{\r\n\t\t\t\t\t\t\t  breakpoint: 1025,\r\n\t\t\t\t\t\t\t  settings: {\r\n\t\t\t\t\t\t\t\tslidesToShow: 3,\r\n\t\t\t\t\t\t\t\tslidesToScroll: 3\r\n\t\t\t\t\t\t\t  }\r\n\t\t\t\t\t\t\t},\r\n\t\t\t\t\t\t\t{\r\n\t\t\t\t\t\t\t  breakpoint: 760,\r\n\t\t\t\t\t\t\t  settings: {\r\n\t\t\t\t\t\t\t\tslidesToShow: 2,\r\n\t\t\t\t\t\t\t\tslidesToScroll: 2\r\n\t\t\t\t\t\t\t  }\r\n\t\t\t\t\t\t\t}\r\n\t\t\t\t\t\t],pauseOnDotsHover: true,customPaging: function(slider, i) {\r\n                   return '<i type=\"button\" style= \"color:#333333;\" class=\"ultsl-record\" data-role=\"none\"><\/i>';\r\n                },});\r\n\t\t\t\t\t}\r\n\t\t\t\t});\r\n\t\t\t<\/script>\r\n\t\t\t[\/vc_column][\/vc_row][vc_row][vc_column][vc_column_text css=&#8220;.vc_custom_1564594705770{padding-bottom: 45px !important;}&#8220; el_class=&#8220;naslov&#8220; css_animation=&#8220;fadeIn&#8220;]<\/p>\n<h1 style=\"text-align: center;\"><strong> Geschlossenes Men\u00fc, Jahrestage, Besprechungen\u2026 &lt;\/ strong&gt; &lt;\/ h1&gt;<br \/>\n[\/vc_column_text][vc_row_inner][vc_column_inner width=&#8220;1\/2&#8243;][vc_column_text]<\/strong><\/h1>\n<h2 style=\"text-align: center;\"><em> <strong> Men\u00fc 1\u00a0<\/strong><\/em><\/h2>\n<p>[\/vc_column_text][vc_zigzag el_width=&#8220;60&#8243; el_border_width=&#8220;8&#8243;][vc_column_text]<\/p>\n<p style=\"text-align: center;\">TRIS-Vorspeisen: Gorgonzola Idrylic Dumplings, Suppenrisotto, Fleischlasagne<\/p>\n<p style=\"text-align: center;\">***<\/p>\n<p style=\"text-align: center;\">Rindfleischsuppe mit hausgemachten Nudeln und Pilzsuppe<\/p>\n<p style=\"text-align: center;\">***<\/p>\n<p style=\"text-align: center;\">Rinderrosbif mit ausgew\u00e4hlter Sauce, jungen Ofenkartoffeln und gemischtem Salat<\/p>\n<p style=\"text-align: center;\">***<\/p>\n<p style=\"text-align: center;\">TRIS-Desserts<\/p>\n<p style=\"text-align: center;\">Hausgemachtes Zwiebel-Walnuss-Brot<\/p>\n<p>[\/vc_column_text][\/vc_column_inner][vc_column_inner width=&#8220;1\/2&#8243;][vc_column_text]<\/p>\n<h2 style=\"text-align: center;\"><strong> <em> Men\u00fc 2\u00a0<\/em><\/strong><\/h2>\n<p>[\/vc_column_text][vc_zigzag el_width=&#8220;60&#8243; el_border_width=&#8220;8&#8243;][vc_column_text]<\/p>\n<p style=\"text-align: center;\">Kalte Vorspeise: Tartar Steak, Tolmin Stomach, Tolmin Cheese<\/p>\n<p style=\"text-align: center;\">***<\/p>\n<p style=\"text-align: center;\">Ger\u00f6stete Polenta mit Suppe und Gorgonzola<\/p>\n<p style=\"text-align: center;\">***<\/p>\n<p style=\"text-align: center;\">1\/2 Schweinekeule mit jungen Ofenkartoffeln und Sauerkraut<\/p>\n<p style=\"text-align: center;\">***<\/p>\n<p style=\"text-align: center;\">TRIS-Desserts<\/p>\n<p style=\"text-align: center;\">Hausgemachtes Zwiebel-Walnuss-Brot<\/p>\n<p>[\/vc_column_text][\/vc_column_inner][\/vc_row_inner][vc_row_inner css=&#8220;.vc_custom_1563981817082{padding-top: 45px !important;}&#8220;][vc_column_inner width=&#8220;1\/4&#8243;][\/vc_column_inner][vc_column_inner width=&#8220;1\/2&#8243;][vc_column_text]<\/p>\n<h2 style=\"text-align: center;\"><strong> <em> Men\u00fc 3\u00a0<\/em><\/strong><\/h2>\n<p>[\/vc_column_text][vc_zigzag el_width=&#8220;60&#8243; el_border_width=&#8220;8&#8243;][vc_column_text]<\/p>\n<p style=\"text-align: center;\">Marine Poetry: Kalter Meersalat mit Garnelen und gegrilltem Capetian<\/p>\n<p style=\"text-align: center;\">***<\/p>\n<p style=\"text-align: center;\">Risotto mit Meeresfr\u00fcchten und Nudeln<\/p>\n<p style=\"text-align: center;\">***<\/p>\n<p style=\"text-align: center;\">Gegrillter gemischter Fisch mit Kartoffeln und Spinat<\/p>\n<p style=\"text-align: center;\">***<\/p>\n<p style=\"text-align: center;\">TRIS-Desserts<\/p>\n<p style=\"text-align: center;\">Hausgemachtes Zwiebel-Walnuss-Brot<\/p>\n<p>[\/vc_column_text][\/vc_column_inner][vc_column_inner width=&#8220;1\/4&#8243;][\/vc_column_inner][\/vc_row_inner][\/vc_column][\/vc_row][vc_row css=&#8220;.vc_custom_1563981838233{padding-top: 55px !important;}&#8220;][vc_column width=&#8220;1\/4&#8243;][\/vc_column][vc_column css_animation=&#8220;fadeInUp&#8220; width=&#8220;1\/2&#8243;][vc_column_text el_class=&#8220;spodaj&#8220;]<\/p>\n<h3 style=\"text-align: center;\"><em> Wir k\u00f6nnen auch ein Men\u00fc Ihrer Wahl vorbereiten! Um ein Restaurant zu buchen, senden Sie eine Anfrage an:<br \/>\n<a href=\"mailto:bostjan.jazbec@siol.net\"> bostjan.jazbec@siol.net\u00a0<\/a><\/em><\/h3>\n<p>[\/vc_column_text][\/vc_column][vc_column width=&#8220;1\/4&#8243;][\/vc_column][\/vc_row][vc_row][vc_column][vc_column_text]<\/p>\n<p>[\/vc_column_text][\/vc_column][\/vc_row]<\/p>\n","protected":false},"excerpt":{"rendered":"<p>[vc_row full_width=&#8220;stretch_row_content_no_spaces&#8220; content_placement=&#8220;middle&#8220; css_animation=&#8220;fadeIn&#8220; css=&#8220;.vc_custom_1564594622226{background-position: 0 0 !important;background-repeat: no-repeat !important;}&#8220; el_class=&#8220;vcr_float_right&#8220;][vc_column width=&#8220;1\/2&#8243; el_class=&#8220;rs_col-sm-12&#8243;][vc_row_inner][vc_column_inner width=&#8220;1\/3&#8243;][\/vc_column_inner][vc_column_inner el_class=&#8220;rs_col-sm-12&#8243; width=&#8220;2\/3&#8243; css=&#8220;.vc_custom_1458050113452{padding-right: 40px !important;padding-left: 55px !important;}&#8220; offset=&#8220;vc_col-lg-8 vc_col-md-12&#8243;][\/vc_column_inner][\/vc_row_inner][\/vc_column][vc_column width=&#8220;1\/2&#8243; el_class=&#8220;rs_col-sm-12&#8243;][vc_single_image image=&#8220;9878&#8243; img_size=&#8220;full&#8220;][\/vc_column][\/vc_row][vc_row full_width=&#8220;stretch_row_content&#8220;][vc_column][\/vc_column][\/vc_row][vc_row][vc_column][vc_column_text css=&#8220;.vc_custom_1564594705770{padding-bottom: 45px !important;}&#8220; el_class=&#8220;naslov&#8220; css_animation=&#8220;fadeIn&#8220;] Geschlossenes Men\u00fc, Jahrestage, Besprechungen\u2026 &lt;\/ strong&gt; &lt;\/ h1&gt; [\/vc_column_text][vc_row_inner][vc_column_inner width=&#8220;1\/2&#8243;][vc_column_text] Men\u00fc 1\u00a0 [\/vc_column_text][vc_zigzag el_width=&#8220;60&#8243; el_border_width=&#8220;8&#8243;][vc_column_text] TRIS-Vorspeisen: Gorgonzola Idrylic Dumplings, Suppenrisotto, Fleischlasagne *** [&hellip;]<\/p>\n","protected":false},"author":1,"featured_media":0,"parent":10478,"menu_order":0,"comment_status":"closed","ping_status":"closed","template":"","meta":[],"yoast_head":"<!-- This site is optimized with the Yoast SEO plugin v17.2 - https:\/\/yoast.com\/wordpress\/plugins\/seo\/ -->\n<title>Benutzerdefinierte Ereignisse - Gosti\u0161\u010de s preno\u010di\u0161\u010di<\/title>\n<meta name=\"robots\" content=\"index, follow, max-snippet:-1, max-image-preview:large, max-video-preview:-1\" \/>\n<link rel=\"canonical\" href=\"https:\/\/jazbec.si\/de\/gastronomie\/benutzerdefinierte-ereignisse\/\" \/>\n<meta property=\"og:locale\" content=\"de_DE\" \/>\n<meta property=\"og:type\" content=\"article\" \/>\n<meta property=\"og:title\" content=\"Benutzerdefinierte Ereignisse - Gosti\u0161\u010de s preno\u010di\u0161\u010di\" \/>\n<meta property=\"og:description\" content=\"[vc_row full_width=&#8220;stretch_row_content_no_spaces&#8220; content_placement=&#8220;middle&#8220; css_animation=&#8220;fadeIn&#8220; css=&#8220;.vc_custom_1564594622226{background-position: 0 0 !important;background-repeat: no-repeat !important;}&#8220; el_class=&#8220;vcr_float_right&#8220;][vc_column width=&#8220;1\/2&#8243; el_class=&#8220;rs_col-sm-12&#8243;][vc_row_inner][vc_column_inner width=&#8220;1\/3&#8243;][\/vc_column_inner][vc_column_inner el_class=&#8220;rs_col-sm-12&#8243; width=&#8220;2\/3&#8243; css=&#8220;.vc_custom_1458050113452{padding-right: 40px !important;padding-left: 55px !important;}&#8220; offset=&#8220;vc_col-lg-8 vc_col-md-12&#8243;][\/vc_column_inner][\/vc_row_inner][\/vc_column][vc_column width=&#8220;1\/2&#8243; el_class=&#8220;rs_col-sm-12&#8243;][vc_single_image image=&#8220;9878&#8243; img_size=&#8220;full&#8220;][\/vc_column][\/vc_row][vc_row full_width=&#8220;stretch_row_content&#8220;][vc_column][\/vc_column][\/vc_row][vc_row][vc_column][vc_column_text css=&#8220;.vc_custom_1564594705770{padding-bottom: 45px !important;}&#8220; el_class=&#8220;naslov&#8220; css_animation=&#8220;fadeIn&#8220;] Geschlossenes Men\u00fc, Jahrestage, Besprechungen\u2026 &lt;\/ strong&gt; &lt;\/ h1&gt; [\/vc_column_text][vc_row_inner][vc_column_inner width=&#8220;1\/2&#8243;][vc_column_text] Men\u00fc 1\u00a0 [\/vc_column_text][vc_zigzag el_width=&#8220;60&#8243; el_border_width=&#8220;8&#8243;][vc_column_text] TRIS-Vorspeisen: Gorgonzola Idrylic Dumplings, Suppenrisotto, Fleischlasagne *** [&hellip;]\" \/>\n<meta property=\"og:url\" content=\"https:\/\/jazbec.si\/de\/gastronomie\/benutzerdefinierte-ereignisse\/\" \/>\n<meta property=\"og:site_name\" content=\"Gosti\u0161\u010de s preno\u010di\u0161\u010di\" \/>\n<meta property=\"article:modified_time\" content=\"2019-11-24T15:41:11+00:00\" \/>\n<meta name=\"twitter:card\" content=\"summary_large_image\" \/>\n<meta name=\"twitter:label1\" content=\"Gesch\u00e4tzte Lesezeit\" \/>\n\t<meta name=\"twitter:data1\" content=\"3\u00a0Minuten\" \/>\n<script type=\"application\/ld+json\" class=\"yoast-schema-graph\">{\"@context\":\"https:\/\/schema.org\",\"@graph\":[{\"@type\":\"WebSite\",\"@id\":\"https:\/\/jazbec.si\/de\/#website\",\"url\":\"https:\/\/jazbec.si\/de\/\",\"name\":\"Gosti\\u0161\\u010de s preno\\u010di\\u0161\\u010di\",\"description\":\"\",\"potentialAction\":[{\"@type\":\"SearchAction\",\"target\":{\"@type\":\"EntryPoint\",\"urlTemplate\":\"https:\/\/jazbec.si\/de\/?s={search_term_string}\"},\"query-input\":\"required name=search_term_string\"}],\"inLanguage\":\"de\"},{\"@type\":\"WebPage\",\"@id\":\"https:\/\/jazbec.si\/de\/gastronomie\/benutzerdefinierte-ereignisse\/#webpage\",\"url\":\"https:\/\/jazbec.si\/de\/gastronomie\/benutzerdefinierte-ereignisse\/\",\"name\":\"Benutzerdefinierte Ereignisse - Gosti\\u0161\\u010de s preno\\u010di\\u0161\\u010di\",\"isPartOf\":{\"@id\":\"https:\/\/jazbec.si\/de\/#website\"},\"datePublished\":\"2019-11-23T14:47:48+00:00\",\"dateModified\":\"2019-11-24T15:41:11+00:00\",\"breadcrumb\":{\"@id\":\"https:\/\/jazbec.si\/de\/gastronomie\/benutzerdefinierte-ereignisse\/#breadcrumb\"},\"inLanguage\":\"de\",\"potentialAction\":[{\"@type\":\"ReadAction\",\"target\":[\"https:\/\/jazbec.si\/de\/gastronomie\/benutzerdefinierte-ereignisse\/\"]}]},{\"@type\":\"BreadcrumbList\",\"@id\":\"https:\/\/jazbec.si\/de\/gastronomie\/benutzerdefinierte-ereignisse\/#breadcrumb\",\"itemListElement\":[{\"@type\":\"ListItem\",\"position\":1,\"name\":\"Home\",\"item\":\"https:\/\/jazbec.si\/de\/\"},{\"@type\":\"ListItem\",\"position\":2,\"name\":\"Gastronomie\",\"item\":\"https:\/\/jazbec.si\/de\/gastronomie\/\"},{\"@type\":\"ListItem\",\"position\":3,\"name\":\"Benutzerdefinierte Ereignisse\"}]}]}<\/script>\n<!-- \/ Yoast SEO plugin. -->","yoast_head_json":{"title":"Benutzerdefinierte Ereignisse - Gosti\u0161\u010de s preno\u010di\u0161\u010di","robots":{"index":"index","follow":"follow","max-snippet":"max-snippet:-1","max-image-preview":"max-image-preview:large","max-video-preview":"max-video-preview:-1"},"canonical":"https:\/\/jazbec.si\/de\/gastronomie\/benutzerdefinierte-ereignisse\/","og_locale":"de_DE","og_type":"article","og_title":"Benutzerdefinierte Ereignisse - Gosti\u0161\u010de s preno\u010di\u0161\u010di","og_description":"[vc_row full_width=&#8220;stretch_row_content_no_spaces&#8220; content_placement=&#8220;middle&#8220; css_animation=&#8220;fadeIn&#8220; css=&#8220;.vc_custom_1564594622226{background-position: 0 0 !important;background-repeat: no-repeat !important;}&#8220; el_class=&#8220;vcr_float_right&#8220;][vc_column width=&#8220;1\/2&#8243; el_class=&#8220;rs_col-sm-12&#8243;][vc_row_inner][vc_column_inner width=&#8220;1\/3&#8243;][\/vc_column_inner][vc_column_inner el_class=&#8220;rs_col-sm-12&#8243; width=&#8220;2\/3&#8243; css=&#8220;.vc_custom_1458050113452{padding-right: 40px !important;padding-left: 55px !important;}&#8220; offset=&#8220;vc_col-lg-8 vc_col-md-12&#8243;][\/vc_column_inner][\/vc_row_inner][\/vc_column][vc_column width=&#8220;1\/2&#8243; el_class=&#8220;rs_col-sm-12&#8243;][vc_single_image image=&#8220;9878&#8243; img_size=&#8220;full&#8220;][\/vc_column][\/vc_row][vc_row full_width=&#8220;stretch_row_content&#8220;][vc_column][\/vc_column][\/vc_row][vc_row][vc_column][vc_column_text css=&#8220;.vc_custom_1564594705770{padding-bottom: 45px !important;}&#8220; el_class=&#8220;naslov&#8220; css_animation=&#8220;fadeIn&#8220;] Geschlossenes Men\u00fc, Jahrestage, Besprechungen\u2026 &lt;\/ strong&gt; &lt;\/ h1&gt; [\/vc_column_text][vc_row_inner][vc_column_inner width=&#8220;1\/2&#8243;][vc_column_text] Men\u00fc 1\u00a0 [\/vc_column_text][vc_zigzag el_width=&#8220;60&#8243; el_border_width=&#8220;8&#8243;][vc_column_text] TRIS-Vorspeisen: Gorgonzola Idrylic Dumplings, Suppenrisotto, Fleischlasagne *** [&hellip;]","og_url":"https:\/\/jazbec.si\/de\/gastronomie\/benutzerdefinierte-ereignisse\/","og_site_name":"Gosti\u0161\u010de s preno\u010di\u0161\u010di","article_modified_time":"2019-11-24T15:41:11+00:00","twitter_card":"summary_large_image","twitter_misc":{"Gesch\u00e4tzte Lesezeit":"3\u00a0Minuten"},"schema":{"@context":"https:\/\/schema.org","@graph":[{"@type":"WebSite","@id":"https:\/\/jazbec.si\/de\/#website","url":"https:\/\/jazbec.si\/de\/","name":"Gosti\u0161\u010de s preno\u010di\u0161\u010di","description":"","potentialAction":[{"@type":"SearchAction","target":{"@type":"EntryPoint","urlTemplate":"https:\/\/jazbec.si\/de\/?s={search_term_string}"},"query-input":"required name=search_term_string"}],"inLanguage":"de"},{"@type":"WebPage","@id":"https:\/\/jazbec.si\/de\/gastronomie\/benutzerdefinierte-ereignisse\/#webpage","url":"https:\/\/jazbec.si\/de\/gastronomie\/benutzerdefinierte-ereignisse\/","name":"Benutzerdefinierte Ereignisse - Gosti\u0161\u010de s preno\u010di\u0161\u010di","isPartOf":{"@id":"https:\/\/jazbec.si\/de\/#website"},"datePublished":"2019-11-23T14:47:48+00:00","dateModified":"2019-11-24T15:41:11+00:00","breadcrumb":{"@id":"https:\/\/jazbec.si\/de\/gastronomie\/benutzerdefinierte-ereignisse\/#breadcrumb"},"inLanguage":"de","potentialAction":[{"@type":"ReadAction","target":["https:\/\/jazbec.si\/de\/gastronomie\/benutzerdefinierte-ereignisse\/"]}]},{"@type":"BreadcrumbList","@id":"https:\/\/jazbec.si\/de\/gastronomie\/benutzerdefinierte-ereignisse\/#breadcrumb","itemListElement":[{"@type":"ListItem","position":1,"name":"Home","item":"https:\/\/jazbec.si\/de\/"},{"@type":"ListItem","position":2,"name":"Gastronomie","item":"https:\/\/jazbec.si\/de\/gastronomie\/"},{"@type":"ListItem","position":3,"name":"Benutzerdefinierte Ereignisse"}]}]}},"_links":{"self":[{"href":"https:\/\/jazbec.si\/de\/wp-json\/wp\/v2\/pages\/10522"}],"collection":[{"href":"https:\/\/jazbec.si\/de\/wp-json\/wp\/v2\/pages"}],"about":[{"href":"https:\/\/jazbec.si\/de\/wp-json\/wp\/v2\/types\/page"}],"author":[{"embeddable":true,"href":"https:\/\/jazbec.si\/de\/wp-json\/wp\/v2\/users\/1"}],"replies":[{"embeddable":true,"href":"https:\/\/jazbec.si\/de\/wp-json\/wp\/v2\/comments?post=10522"}],"version-history":[{"count":0,"href":"https:\/\/jazbec.si\/de\/wp-json\/wp\/v2\/pages\/10522\/revisions"}],"up":[{"embeddable":true,"href":"https:\/\/jazbec.si\/de\/wp-json\/wp\/v2\/pages\/10478"}],"wp:attachment":[{"href":"https:\/\/jazbec.si\/de\/wp-json\/wp\/v2\/media?parent=10522"}],"curies":[{"name":"wp","href":"https:\/\/api.w.org\/{rel}","templated":true}]}}